{"id":318,"date":"2025-12-03T20:00:17","date_gmt":"2025-12-03T20:00:17","guid":{"rendered":"https:\/\/sanidan.ro\/?page_id=318"},"modified":"2026-03-14T18:56:48","modified_gmt":"2026-03-14T18:56:48","slug":"ateliere","status":"publish","type":"page","link":"https:\/\/sanidan.ro\/?page_id=318","title":{"rendered":"Ateliere"},"content":{"rendered":"\t\t<div data-elementor-type=\"wp-page\" data-elementor-id=\"318\" class=\"elementor elementor-318\" data-elementor-post-type=\"page\">\n\t\t\t\t<div class=\"elementor-element elementor-element-baf2f28 e-con-full e-flex e-con e-parent\" data-id=\"baf2f28\" data-element_type=\"container\" data-e-type=\"container\" data-settings=\"{&quot;background_background&quot;:&quot;classic&quot;}\">\n\t\t<div class=\"elementor-element elementor-element-c1a22d3 e-con-full e-flex e-con e-child\" data-id=\"c1a22d3\" data-element_type=\"container\" data-e-type=\"container\" data-settings=\"{&quot;background_background&quot;:&quot;classic&quot;}\">\n\t\t\t\t<div class=\"elementor-element elementor-element-e5c93ff elementor-widget elementor-widget-heading\" data-id=\"e5c93ff\" data-element_type=\"widget\" data-e-type=\"widget\" data-widget_type=\"heading.default\">\n\t\t\t\t\t<h2 class=\"elementor-heading-title elementor-size-default\">Ateliere<\/h2>\t\t\t\t<\/div>\n\t\t\t\t<\/div>\n\t\t\t\t<\/div>\n\t\t<div class=\"elementor-element elementor-element-6e1424e e-flex e-con-boxed e-con e-parent\" data-id=\"6e1424e\" data-element_type=\"container\" data-e-type=\"container\">\n\t\t\t\t\t<div class=\"e-con-inner\">\n\t\t\t\t<div class=\"elementor-element elementor-element-4600368 elementor-widget elementor-widget-text-editor\" data-id=\"4600368\" data-element_type=\"widget\" data-e-type=\"widget\" data-widget_type=\"text-editor.default\">\n\t\t\t\t\t\t\t\t\t<p data-start=\"221\" data-end=\"250\"><strong>Despre Atelierele Sanidan<\/strong><\/p><p data-start=\"252\" data-end=\"632\">La Sanidan, atelierele sunt spa\u021bii mici de respira\u021bie \u0219i bucurie, unde l\u0103s\u0103m grijile la u\u0219\u0103 \u0219i ne \u00eentoarcem la lucrurile simple: culori, h\u00e2rtie, fire, texturi\u2026 \u0219i timpul petrecut \u00eempreun\u0103.<\/p><p data-start=\"252\" data-end=\"632\">Aici nu conteaz\u0103 c\u00e2t de \u201etalentat(\u0103)\u201d te sim\u021bi \u2014 conteaz\u0103 z\u00e2mbetul, lini\u0219tea care apare c\u00e2nd m\u00e2inile se mi\u0219c\u0103, conversa\u021biile calde \u0219i sentimentul acela pl\u0103cut c\u0103 faci ceva doar pentru tine.<\/p><p data-start=\"252\" data-end=\"632\">Uneori venim cu prietenii \u0219i descoperim ceva nou \u00eempreun\u0103. Alteori ajungem singuri, dar plec\u0103m cu sufletul mai plin. Pentru c\u0103 \u00een ateliere nu cre\u0103m doar obiecte\u2026 ci mici momente de bine.<\/p>\t\t\t\t\t\t\t\t<\/div>\n\t\t\t\t\t<\/div>\n\t\t\t\t<\/div>\n\t\t<div class=\"elementor-element elementor-element-5341959 e-flex e-con-boxed e-con e-parent\" data-id=\"5341959\" data-element_type=\"container\" data-e-type=\"container\">\n\t\t\t\t\t<div class=\"e-con-inner\">\n\t\t<div class=\"elementor-element elementor-element-dcfc76f e-con-full e-flex e-con e-child\" data-id=\"dcfc76f\" data-element_type=\"container\" data-e-type=\"container\" data-settings=\"{&quot;background_background&quot;:&quot;classic&quot;}\">\n\t\t\t\t<div class=\"elementor-element elementor-element-0ff83a6 elementor-widget elementor-widget-heading\" data-id=\"0ff83a6\" data-element_type=\"widget\" data-e-type=\"widget\" data-widget_type=\"heading.default\">\n\t\t\t\t\t<h2 class=\"elementor-heading-title elementor-size-default\"><a href=\"https:\/\/sanidan.ro\/?page_id=470\">Aranjament de Cr\u0103ciun - 10 decembrie 2025<\/a><\/h2>\t\t\t\t<\/div>\n\t\t\t\t<\/div>\n\t\t<div class=\"elementor-element elementor-element-67e0a1d e-con-full e-flex e-con e-child\" data-id=\"67e0a1d\" data-element_type=\"container\" data-e-type=\"container\" data-settings=\"{&quot;background_background&quot;:&quot;classic&quot;}\">\n\t\t\t\t<div class=\"elementor-element elementor-element-696e109 elementor-widget elementor-widget-heading\" data-id=\"696e109\" data-element_type=\"widget\" data-e-type=\"widget\" data-widget_type=\"heading.default\">\n\t\t\t\t\t<h2 class=\"elementor-heading-title elementor-size-default\"><a href=\"https:\/\/sanidan.ro\/?page_id=1529\">Pictur\u0103 \u00cengerul Casei - 14 ianuarie 2026<\/a><\/h2>\t\t\t\t<\/div>\n\t\t\t\t<\/div>\n\t\t<div class=\"elementor-element elementor-element-fc7a808 e-con-full e-flex e-con e-child\" data-id=\"fc7a808\" data-element_type=\"container\" data-e-type=\"container\" data-settings=\"{&quot;background_background&quot;:&quot;classic&quot;}\">\n\t\t\t\t<div class=\"elementor-element elementor-element-91a06a9 elementor-widget elementor-widget-heading\" data-id=\"91a06a9\" data-element_type=\"widget\" data-e-type=\"widget\" data-widget_type=\"heading.default\">\n\t\t\t\t\t<h2 class=\"elementor-heading-title elementor-size-default\"><a href=\"https:\/\/sanidan.ro\/?page_id=1772&#038;preview_id=1772&#038;preview_nonce=d15aafa8fa&#038;preview=true\">M\u0103r\u021bi\u0219oare Flori - 11 februarie 2026<\/a><\/h2>\t\t\t\t<\/div>\n\t\t\t\t<\/div>\n\t\t<div class=\"elementor-element elementor-element-6c3b7ac e-con-full e-flex e-con e-child\" data-id=\"6c3b7ac\" data-element_type=\"container\" data-e-type=\"container\" data-settings=\"{&quot;background_background&quot;:&quot;classic&quot;}\">\n\t\t\t\t<div class=\"elementor-element elementor-element-10de21d elementor-widget elementor-widget-heading\" data-id=\"10de21d\" data-element_type=\"widget\" data-e-type=\"widget\" data-widget_type=\"heading.default\">\n\t\t\t\t\t<h2 class=\"elementor-heading-title elementor-size-default\"><a href=\"https:\/\/sanidan.ro\/?page_id=1857\">Atelier neurografic\u0103 - martie  2026<\/a><\/h2>\t\t\t\t<\/div>\n\t\t\t\t<\/div>\n\t\t\t\t\t<\/div>\n\t\t\t\t<\/div>\n\t\t<div class=\"elementor-element elementor-element-81a0c6b e-flex e-con-boxed e-con e-parent\" data-id=\"81a0c6b\" data-element_type=\"container\" data-e-type=\"container\">\n\t\t\t\t\t<div class=\"e-con-inner\">\n\t\t\t\t<div class=\"elementor-element elementor-element-ac9cd3f elementor-widget elementor-widget-text-editor\" data-id=\"ac9cd3f\" data-element_type=\"widget\" data-e-type=\"widget\" data-widget_type=\"text-editor.default\">\n\t\t\t\t\t\t\t\t\t<p data-start=\"832\" data-end=\"950\">Fiecare atelier este g\u00e2ndit astfel \u00eenc\u00e2t s\u0103 ai o experien\u021b\u0103 complet\u0103 \u0219i relaxant\u0103. \u00cen func\u021bie de tem\u0103, ai parte de:<\/p><p data-start=\"952\" data-end=\"1512\">\u2022 <strong data-start=\"954\" data-end=\"975\">Materiale incluse<\/strong> \u2013 toate ustensilele \u0219i ingredientele creative sunt preg\u0103tite pentru tine.<br data-start=\"1049\" data-end=\"1052\" \/>\u2022 <strong data-start=\"1054\" data-end=\"1081\">Demonstra\u021bie pas cu pas<\/strong>, ca s\u0103 po\u021bi urm\u0103ri u\u0219or procesul.<br data-start=\"1115\" data-end=\"1118\" \/>\u2022 <strong data-start=\"1120\" data-end=\"1147\">Asisten\u021b\u0103 personalizat\u0103<\/strong> \u2013 te ajut atunci c\u00e2nd ai nevoie, f\u0103r\u0103 presiune.<br data-start=\"1195\" data-end=\"1198\" \/>\u2022 <strong data-start=\"1200\" data-end=\"1233\">Durat\u0103 \u00eentre 60\u2013120 de minute<\/strong>, \u00een func\u021bie de obiectul realizat.<br data-start=\"1267\" data-end=\"1270\" \/>\u2022 <strong data-start=\"1272\" data-end=\"1311\">Obiectul final pe care \u00eel iei acas\u0103<\/strong> \u2013 creat 100% de tine.<br data-start=\"1333\" data-end=\"1336\" \/>\u2022 <strong data-start=\"1338\" data-end=\"1353\">Un grup mic<\/strong>, pentru atmosfer\u0103 pl\u0103cut\u0103 \u0219i timp suficient pentru fiecare participant.<br data-start=\"1425\" data-end=\"1428\" \/>\u2022 <strong data-start=\"1430\" data-end=\"1469\">Pauze scurte pentru ceai \/ discu\u021bii<\/strong>, pentru a te bucura \u0219i de partea social\u0103.<\/p><p data-start=\"372\" data-end=\"545\">Participarea la ateliere are un <strong data-start=\"405\" data-end=\"422\">cost simbolic<\/strong>, stabilit de la un atelier la altul, doar c\u00e2t s\u0103 acopere <strong data-start=\"482\" data-end=\"506\">materialele folosite<\/strong> \u0219i preg\u0103tirea fiec\u0103rui obiect creat.<\/p><p data-start=\"547\" data-end=\"664\">Scopul este s\u0103 te bucuri de proces, nu de un curs scump \u2014 de aceea men\u021binem pre\u021burile accesibile pentru toat\u0103 lumea.<\/p>\t\t\t\t\t\t\t\t<\/div>\n\t\t\t\t\t<\/div>\n\t\t\t\t<\/div>\n\t\t<div class=\"elementor-element elementor-element-beec1c4 e-flex e-con-boxed e-con e-parent\" data-id=\"beec1c4\" data-element_type=\"container\" data-e-type=\"container\">\n\t\t\t\t\t<div class=\"e-con-inner\">\n\t\t<div class=\"elementor-element elementor-element-c8eeb30 e-con-full e-flex e-con e-child\" data-id=\"c8eeb30\" data-element_type=\"container\" data-e-type=\"container\">\n\t\t<div class=\"elementor-element elementor-element-8390f98 e-con-full e-flex e-con e-child\" data-id=\"8390f98\" data-element_type=\"container\" data-e-type=\"container\">\n\t\t\t\t<div class=\"elementor-element elementor-element-25de8be elementor-widget elementor-widget-text-editor\" data-id=\"25de8be\" data-element_type=\"widget\" data-e-type=\"widget\" data-widget_type=\"text-editor.default\">\n\t\t\t\t\t\t\t\t\t<p><strong>Vrei s\u0103 participi la atelierele Sanidan?<\/strong><\/p><p>Pentru inscriere si toate detaliile legate de ateliere (locuri disponibile, materiale, orar), am creat un mic grup de WhatsApp unde postez tot ce este important.<br data-start=\"959\" data-end=\"962\" \/>Este un spa\u021biu lini\u0219tit, f\u0103r\u0103 spam \u2014 doar informa\u021bii utile.<\/p>\t\t\t\t\t\t\t\t<\/div>\n\t\t\t\t<\/div>\n\t\t<div class=\"elementor-element elementor-element-9bb8b72 e-con-full e-flex e-con e-child\" data-id=\"9bb8b72\" data-element_type=\"container\" data-e-type=\"container\">\n\t\t\t\t<div class=\"elementor-element elementor-element-bd336ad elementor-widget elementor-widget-button\" data-id=\"bd336ad\" data-element_type=\"widget\" data-e-type=\"widget\" data-widget_type=\"button.default\">\n\t\t\t\t\t\t\t\t\t\t<a class=\"elementor-button elementor-button-link elementor-size-sm\" href=\"https:\/\/chat.whatsapp.com\/KdU2ArLRtxoJYBKFWHSPBJ\">\n\t\t\t\t\t\t<span class=\"elementor-button-content-wrapper\">\n\t\t\t\t\t\t\t\t\t<span class=\"elementor-button-text\">Intr\u0103 \u00een grupul de WhatsApp<\/span>\n\t\t\t\t\t<\/span>\n\t\t\t\t\t<\/a>\n\t\t\t\t\t\t\t\t<\/div>\n\t\t\t\t<\/div>\n\t\t\t\t<\/div>\n\t\t<div class=\"elementor-element elementor-element-8c1dcdf e-con-full e-flex e-con e-child\" data-id=\"8c1dcdf\" data-element_type=\"container\" data-e-type=\"container\">\n\t\t\t\t<div class=\"elementor-element elementor-element-4ec0a4e elementor-widget elementor-widget-image\" data-id=\"4ec0a4e\" data-element_type=\"widget\" data-e-type=\"widget\" data-widget_type=\"image.default\">\n\t\t\t\t\t\t\t\t\t\t\t\t\t\t\t<img fetchpriority=\"high\" decoding=\"async\" width=\"1024\" height=\"683\" src=\"https:\/\/sanidan.ro\/wp-content\/uploads\/2025\/12\/Ateliere-Sanidan-1024x683.png\" class=\"attachment-large size-large wp-image-383\" alt=\"\" srcset=\"https:\/\/sanidan.ro\/wp-content\/uploads\/2025\/12\/Ateliere-Sanidan-1024x683.png 1024w, https:\/\/sanidan.ro\/wp-content\/uploads\/2025\/12\/Ateliere-Sanidan-300x200.png 300w, https:\/\/sanidan.ro\/wp-content\/uploads\/2025\/12\/Ateliere-Sanidan-768x512.png 768w, https:\/\/sanidan.ro\/wp-content\/uploads\/2025\/12\/Ateliere-Sanidan-600x400.png 600w, https:\/\/sanidan.ro\/wp-content\/uploads\/2025\/12\/Ateliere-Sanidan.png 1536w\" sizes=\"(max-width: 1024px) 100vw, 1024px\" \/>\t\t\t\t\t\t\t\t\t\t\t\t\t\t\t<\/div>\n\t\t\t\t<\/div>\n\t\t\t\t\t<\/div>\n\t\t\t\t<\/div>\n\t\t\t\t<\/div>\n\t\t","protected":false},"excerpt":{"rendered":"<p>Ateliere Despre Atelierele Sanidan La Sanidan, atelierele sunt spa\u021bii mici de respira\u021bie \u0219i bucurie, unde l\u0103s\u0103m grijile la u\u0219\u0103 \u0219i ne \u00eentoarcem la lucrurile simple: culori, h\u00e2rtie, fire, texturi\u2026 \u0219i timpul petrecut \u00eempreun\u0103. Aici nu conteaz\u0103 c\u00e2t de \u201etalentat(\u0103)\u201d te sim\u021bi \u2014 conteaz\u0103 z\u00e2mbetul, lini\u0219tea care apare c\u00e2nd m\u00e2inile se mi\u0219c\u0103, conversa\u021biile calde \u0219i sentimentul&#8230;<\/p>\n","protected":false},"author":1,"featured_media":383,"parent":0,"menu_order":0,"comment_status":"closed","ping_status":"closed","template":"","meta":{"_kad_post_transparent":"","_kad_post_title":"hide","_kad_post_layout":"fullwidth","_kad_post_sidebar_id":"","_kad_post_content_style":"unboxed","_kad_post_vertical_padding":"hide","_kad_post_feature":"hide","_kad_post_feature_position":"","_kad_post_header":false,"_kad_post_footer":false,"_kad_post_classname":"","footnotes":""},"class_list":["post-318","page","type-page","status-publish","has-post-thumbnail","hentry"],"yoast_head":"<!-- This site is optimized with the Yoast SEO plugin v27.4 - https:\/\/yoast.com\/product\/yoast-seo-wordpress\/ -->\n<title>Ateliere - Sanidan \u2013 Arta de a tr\u0103i \u00een echilibru<\/title>\n<meta name=\"description\" content=\"Ateliere Sanidan \u2013 spa\u021biu de crea\u021bie \u0219i socializare. Arts &amp; Crafts, oameni faini, inspira\u021bie \u0219i bucuria de a fi \u00eempreun\u0103.\" \/>\n<meta name=\"robots\" content=\"index, follow, max-snippet:-1, max-image-preview:large, max-video-preview:-1\" \/>\n<link rel=\"canonical\" href=\"https:\/\/sanidan.ro\/?page_id=318\" \/>\n<meta property=\"og:locale\" content=\"ro_RO\" \/>\n<meta property=\"og:type\" content=\"article\" \/>\n<meta property=\"og:title\" content=\"Ateliere - Sanidan \u2013 Arta de a tr\u0103i \u00een echilibru\" \/>\n<meta property=\"og:description\" content=\"Ateliere Sanidan \u2013 spa\u021biu de crea\u021bie \u0219i socializare. Arts &amp; Crafts, oameni faini, inspira\u021bie \u0219i bucuria de a fi \u00eempreun\u0103.\" \/>\n<meta property=\"og:url\" content=\"https:\/\/sanidan.ro\/?page_id=318\" \/>\n<meta property=\"og:site_name\" content=\"Sanidan \u2013 Arta de a tr\u0103i \u00een echilibru\" \/>\n<meta property=\"article:modified_time\" content=\"2026-03-14T18:56:48+00:00\" \/>\n<meta property=\"og:image\" content=\"https:\/\/sanidan.ro\/wp-content\/uploads\/2025\/12\/Ateliere-Sanidan-1024x683.png\" \/>\n\t<meta property=\"og:image:width\" content=\"1024\" \/>\n\t<meta property=\"og:image:height\" content=\"683\" \/>\n\t<meta property=\"og:image:type\" content=\"image\/png\" \/>\n<meta name=\"twitter:card\" content=\"summary_large_image\" \/>\n<meta name=\"twitter:label1\" content=\"Timp estimat pentru citire\" \/>\n\t<meta name=\"twitter:data1\" content=\"3 minute\" \/>\n<script type=\"application\/ld+json\" class=\"yoast-schema-graph\">{\"@context\":\"https:\\\/\\\/schema.org\",\"@graph\":[{\"@type\":\"WebPage\",\"@id\":\"https:\\\/\\\/sanidan.ro\\\/?page_id=318\",\"url\":\"https:\\\/\\\/sanidan.ro\\\/?page_id=318\",\"name\":\"Ateliere - Sanidan \u2013 Arta de a tr\u0103i \u00een echilibru\",\"isPartOf\":{\"@id\":\"https:\\\/\\\/sanidan.ro\\\/#website\"},\"primaryImageOfPage\":{\"@id\":\"https:\\\/\\\/sanidan.ro\\\/?page_id=318#primaryimage\"},\"image\":{\"@id\":\"https:\\\/\\\/sanidan.ro\\\/?page_id=318#primaryimage\"},\"thumbnailUrl\":\"https:\\\/\\\/sanidan.ro\\\/wp-content\\\/uploads\\\/2025\\\/12\\\/Ateliere-Sanidan.png\",\"datePublished\":\"2025-12-03T20:00:17+00:00\",\"dateModified\":\"2026-03-14T18:56:48+00:00\",\"description\":\"Ateliere Sanidan \u2013 spa\u021biu de crea\u021bie \u0219i socializare. Arts & Crafts, oameni faini, inspira\u021bie \u0219i bucuria de a fi \u00eempreun\u0103.\",\"breadcrumb\":{\"@id\":\"https:\\\/\\\/sanidan.ro\\\/?page_id=318#breadcrumb\"},\"inLanguage\":\"ro-RO\",\"potentialAction\":[{\"@type\":\"ReadAction\",\"target\":[\"https:\\\/\\\/sanidan.ro\\\/?page_id=318\"]}]},{\"@type\":\"ImageObject\",\"inLanguage\":\"ro-RO\",\"@id\":\"https:\\\/\\\/sanidan.ro\\\/?page_id=318#primaryimage\",\"url\":\"https:\\\/\\\/sanidan.ro\\\/wp-content\\\/uploads\\\/2025\\\/12\\\/Ateliere-Sanidan.png\",\"contentUrl\":\"https:\\\/\\\/sanidan.ro\\\/wp-content\\\/uploads\\\/2025\\\/12\\\/Ateliere-Sanidan.png\",\"width\":1536,\"height\":1024},{\"@type\":\"BreadcrumbList\",\"@id\":\"https:\\\/\\\/sanidan.ro\\\/?page_id=318#breadcrumb\",\"itemListElement\":[{\"@type\":\"ListItem\",\"position\":1,\"name\":\"Prima pagin\u0103\",\"item\":\"https:\\\/\\\/sanidan.ro\\\/\"},{\"@type\":\"ListItem\",\"position\":2,\"name\":\"Ateliere\"}]},{\"@type\":\"WebSite\",\"@id\":\"https:\\\/\\\/sanidan.ro\\\/#website\",\"url\":\"https:\\\/\\\/sanidan.ro\\\/\",\"name\":\"Sanidan \u2013 Arta de a tr\u0103i \u00een echilibru\",\"description\":\"\",\"publisher\":{\"@id\":\"https:\\\/\\\/sanidan.ro\\\/#\\\/schema\\\/person\\\/04097aae4a3517908d8dd748091af16a\"},\"potentialAction\":[{\"@type\":\"SearchAction\",\"target\":{\"@type\":\"EntryPoint\",\"urlTemplate\":\"https:\\\/\\\/sanidan.ro\\\/?s={search_term_string}\"},\"query-input\":{\"@type\":\"PropertyValueSpecification\",\"valueRequired\":true,\"valueName\":\"search_term_string\"}}],\"inLanguage\":\"ro-RO\"},{\"@type\":[\"Person\",\"Organization\"],\"@id\":\"https:\\\/\\\/sanidan.ro\\\/#\\\/schema\\\/person\\\/04097aae4a3517908d8dd748091af16a\",\"name\":\"admin\",\"image\":{\"@type\":\"ImageObject\",\"inLanguage\":\"ro-RO\",\"@id\":\"https:\\\/\\\/sanidan.ro\\\/wp-content\\\/uploads\\\/2025\\\/11\\\/Way-of-Healing.png\",\"url\":\"https:\\\/\\\/sanidan.ro\\\/wp-content\\\/uploads\\\/2025\\\/11\\\/Way-of-Healing.png\",\"contentUrl\":\"https:\\\/\\\/sanidan.ro\\\/wp-content\\\/uploads\\\/2025\\\/11\\\/Way-of-Healing.png\",\"width\":1024,\"height\":1024,\"caption\":\"admin\"},\"logo\":{\"@id\":\"https:\\\/\\\/sanidan.ro\\\/wp-content\\\/uploads\\\/2025\\\/11\\\/Way-of-Healing.png\"},\"sameAs\":[\"https:\\\/\\\/sanidan.ro\"]}]}<\/script>\n<!-- \/ Yoast SEO plugin. -->","yoast_head_json":{"title":"Ateliere - Sanidan \u2013 Arta de a tr\u0103i \u00een echilibru","description":"Ateliere Sanidan \u2013 spa\u021biu de crea\u021bie \u0219i socializare. Arts & Crafts, oameni faini, inspira\u021bie \u0219i bucuria de a fi \u00eempreun\u0103.","robots":{"index":"index","follow":"follow","max-snippet":"max-snippet:-1","max-image-preview":"max-image-preview:large","max-video-preview":"max-video-preview:-1"},"canonical":"https:\/\/sanidan.ro\/?page_id=318","og_locale":"ro_RO","og_type":"article","og_title":"Ateliere - Sanidan \u2013 Arta de a tr\u0103i \u00een echilibru","og_description":"Ateliere Sanidan \u2013 spa\u021biu de crea\u021bie \u0219i socializare. Arts & Crafts, oameni faini, inspira\u021bie \u0219i bucuria de a fi \u00eempreun\u0103.","og_url":"https:\/\/sanidan.ro\/?page_id=318","og_site_name":"Sanidan \u2013 Arta de a tr\u0103i \u00een echilibru","article_modified_time":"2026-03-14T18:56:48+00:00","og_image":[{"width":1024,"height":683,"url":"https:\/\/sanidan.ro\/wp-content\/uploads\/2025\/12\/Ateliere-Sanidan-1024x683.png","type":"image\/png"}],"twitter_card":"summary_large_image","twitter_misc":{"Timp estimat pentru citire":"3 minute"},"schema":{"@context":"https:\/\/schema.org","@graph":[{"@type":"WebPage","@id":"https:\/\/sanidan.ro\/?page_id=318","url":"https:\/\/sanidan.ro\/?page_id=318","name":"Ateliere - Sanidan \u2013 Arta de a tr\u0103i \u00een echilibru","isPartOf":{"@id":"https:\/\/sanidan.ro\/#website"},"primaryImageOfPage":{"@id":"https:\/\/sanidan.ro\/?page_id=318#primaryimage"},"image":{"@id":"https:\/\/sanidan.ro\/?page_id=318#primaryimage"},"thumbnailUrl":"https:\/\/sanidan.ro\/wp-content\/uploads\/2025\/12\/Ateliere-Sanidan.png","datePublished":"2025-12-03T20:00:17+00:00","dateModified":"2026-03-14T18:56:48+00:00","description":"Ateliere Sanidan \u2013 spa\u021biu de crea\u021bie \u0219i socializare. Arts & Crafts, oameni faini, inspira\u021bie \u0219i bucuria de a fi \u00eempreun\u0103.","breadcrumb":{"@id":"https:\/\/sanidan.ro\/?page_id=318#breadcrumb"},"inLanguage":"ro-RO","potentialAction":[{"@type":"ReadAction","target":["https:\/\/sanidan.ro\/?page_id=318"]}]},{"@type":"ImageObject","inLanguage":"ro-RO","@id":"https:\/\/sanidan.ro\/?page_id=318#primaryimage","url":"https:\/\/sanidan.ro\/wp-content\/uploads\/2025\/12\/Ateliere-Sanidan.png","contentUrl":"https:\/\/sanidan.ro\/wp-content\/uploads\/2025\/12\/Ateliere-Sanidan.png","width":1536,"height":1024},{"@type":"BreadcrumbList","@id":"https:\/\/sanidan.ro\/?page_id=318#breadcrumb","itemListElement":[{"@type":"ListItem","position":1,"name":"Prima pagin\u0103","item":"https:\/\/sanidan.ro\/"},{"@type":"ListItem","position":2,"name":"Ateliere"}]},{"@type":"WebSite","@id":"https:\/\/sanidan.ro\/#website","url":"https:\/\/sanidan.ro\/","name":"Sanidan \u2013 Arta de a tr\u0103i \u00een echilibru","description":"","publisher":{"@id":"https:\/\/sanidan.ro\/#\/schema\/person\/04097aae4a3517908d8dd748091af16a"},"potentialAction":[{"@type":"SearchAction","target":{"@type":"EntryPoint","urlTemplate":"https:\/\/sanidan.ro\/?s={search_term_string}"},"query-input":{"@type":"PropertyValueSpecification","valueRequired":true,"valueName":"search_term_string"}}],"inLanguage":"ro-RO"},{"@type":["Person","Organization"],"@id":"https:\/\/sanidan.ro\/#\/schema\/person\/04097aae4a3517908d8dd748091af16a","name":"admin","image":{"@type":"ImageObject","inLanguage":"ro-RO","@id":"https:\/\/sanidan.ro\/wp-content\/uploads\/2025\/11\/Way-of-Healing.png","url":"https:\/\/sanidan.ro\/wp-content\/uploads\/2025\/11\/Way-of-Healing.png","contentUrl":"https:\/\/sanidan.ro\/wp-content\/uploads\/2025\/11\/Way-of-Healing.png","width":1024,"height":1024,"caption":"admin"},"logo":{"@id":"https:\/\/sanidan.ro\/wp-content\/uploads\/2025\/11\/Way-of-Healing.png"},"sameAs":["https:\/\/sanidan.ro"]}]}},"_links":{"self":[{"href":"https:\/\/sanidan.ro\/index.php?rest_route=\/wp\/v2\/pages\/318","targetHints":{"allow":["GET"]}}],"collection":[{"href":"https:\/\/sanidan.ro\/index.php?rest_route=\/wp\/v2\/pages"}],"about":[{"href":"https:\/\/sanidan.ro\/index.php?rest_route=\/wp\/v2\/types\/page"}],"author":[{"embeddable":true,"href":"https:\/\/sanidan.ro\/index.php?rest_route=\/wp\/v2\/users\/1"}],"replies":[{"embeddable":true,"href":"https:\/\/sanidan.ro\/index.php?rest_route=%2Fwp%2Fv2%2Fcomments&post=318"}],"version-history":[{"count":76,"href":"https:\/\/sanidan.ro\/index.php?rest_route=\/wp\/v2\/pages\/318\/revisions"}],"predecessor-version":[{"id":1870,"href":"https:\/\/sanidan.ro\/index.php?rest_route=\/wp\/v2\/pages\/318\/revisions\/1870"}],"wp:featuredmedia":[{"embeddable":true,"href":"https:\/\/sanidan.ro\/index.php?rest_route=\/wp\/v2\/media\/383"}],"wp:attachment":[{"href":"https:\/\/sanidan.ro\/index.php?rest_route=%2Fwp%2Fv2%2Fmedia&parent=318"}],"curies":[{"name":"wp","href":"https:\/\/api.w.org\/{rel}","templated":true}]}}