{"id":314,"date":"2025-12-03T19:57:13","date_gmt":"2025-12-03T19:57:13","guid":{"rendered":"https:\/\/sanidan.ro\/?page_id=314"},"modified":"2026-02-04T07:22:17","modified_gmt":"2026-02-04T07:22:17","slug":"programe-si-ateliere","status":"publish","type":"page","link":"https:\/\/sanidan.ro\/?page_id=314","title":{"rendered":"Programe \u0219i Ateliere"},"content":{"rendered":"\t\t<div data-elementor-type=\"wp-page\" data-elementor-id=\"314\" class=\"elementor elementor-314\" data-elementor-post-type=\"page\">\n\t\t\t\t<div class=\"elementor-element elementor-element-bad34a3 e-flex e-con-boxed e-con e-parent\" data-id=\"bad34a3\" data-element_type=\"container\" data-e-type=\"container\" data-settings=\"{&quot;background_background&quot;:&quot;classic&quot;}\">\n\t\t\t\t\t<div class=\"e-con-inner\">\n\t\t\t\t<div class=\"elementor-element elementor-element-8e7ca9d elementor-widget elementor-widget-heading\" data-id=\"8e7ca9d\" data-element_type=\"widget\" data-e-type=\"widget\" data-widget_type=\"heading.default\">\n\t\t\t\t\t<h2 class=\"elementor-heading-title elementor-size-default\">Programe \u0219i Ateliere Sanidan<\/h2>\t\t\t\t<\/div>\n\t\t\t\t\t<\/div>\n\t\t\t\t<\/div>\n\t\t<div class=\"elementor-element elementor-element-3c1d2a8 e-flex e-con-boxed e-con e-parent\" data-id=\"3c1d2a8\" data-element_type=\"container\" data-e-type=\"container\">\n\t\t\t\t\t<div class=\"e-con-inner\">\n\t\t\t\t<div class=\"elementor-element elementor-element-d01416b elementor-widget elementor-widget-heading\" data-id=\"d01416b\" data-element_type=\"widget\" data-e-type=\"widget\" data-widget_type=\"heading.default\">\n\t\t\t\t\t<h2 class=\"elementor-heading-title elementor-size-default\">Alege programul potrivit pentru tine<\/h2>\t\t\t\t<\/div>\n\t\t\t\t<div class=\"elementor-element elementor-element-0043d80 elementor-widget elementor-widget-text-editor\" data-id=\"0043d80\" data-element_type=\"widget\" data-e-type=\"widget\" data-widget_type=\"text-editor.default\">\n\t\t\t\t\t\t\t\t\t<p>La Sanidan, fiecare curs \u0219i atelier este creat pentru a te ajuta s\u0103-\u021bi \u00een\u021belegi corpul, respira\u021bia \u0219i energia.<br data-start=\"1036\" data-end=\"1039\" \/>Alege dintre programe de mi\u0219care, ateliere practice \u0219i evenimente dedicate echilibrului interior.<\/p>\t\t\t\t\t\t\t\t<\/div>\n\t\t\t\t\t<\/div>\n\t\t\t\t<\/div>\n\t\t<div class=\"elementor-element elementor-element-767e81c e-flex e-con-boxed e-con e-parent\" data-id=\"767e81c\" data-element_type=\"container\" data-e-type=\"container\">\n\t\t\t\t\t<div class=\"e-con-inner\">\n\t\t<div class=\"elementor-element elementor-element-f214d14 e-con-full e-flex e-con e-child\" data-id=\"f214d14\" data-element_type=\"container\" data-e-type=\"container\" data-settings=\"{&quot;background_background&quot;:&quot;classic&quot;}\">\n\t\t\t\t<div class=\"elementor-element elementor-element-25fa105 elementor-widget elementor-widget-heading\" data-id=\"25fa105\" data-element_type=\"widget\" data-e-type=\"widget\" data-widget_type=\"heading.default\">\n\t\t\t\t\t<h2 class=\"elementor-heading-title elementor-size-default\">Cursuri Sanidan<\/h2>\t\t\t\t<\/div>\n\t\t\t\t<div class=\"elementor-element elementor-element-b719487 elementor-align-center elementor-widget elementor-widget-button\" data-id=\"b719487\" data-element_type=\"widget\" data-e-type=\"widget\" data-widget_type=\"button.default\">\n\t\t\t\t\t\t\t\t\t\t<a class=\"elementor-button elementor-button-link elementor-size-sm\" href=\"https:\/\/sanidan.ro\/?page_id=989\">\n\t\t\t\t\t\t<span class=\"elementor-button-content-wrapper\">\n\t\t\t\t\t\t\t\t\t<span class=\"elementor-button-text\">Vezi Cursurile<\/span>\n\t\t\t\t\t<\/span>\n\t\t\t\t\t<\/a>\n\t\t\t\t\t\t\t\t<\/div>\n\t\t\t\t<\/div>\n\t\t<div class=\"elementor-element elementor-element-42d71b8 e-con-full e-flex e-con e-child\" data-id=\"42d71b8\" data-element_type=\"container\" data-e-type=\"container\" data-settings=\"{&quot;background_background&quot;:&quot;classic&quot;}\">\n\t\t\t\t<div class=\"elementor-element elementor-element-cbe97d9 elementor-widget elementor-widget-heading\" data-id=\"cbe97d9\" data-element_type=\"widget\" data-e-type=\"widget\" data-widget_type=\"heading.default\">\n\t\t\t\t\t<h2 class=\"elementor-heading-title elementor-size-default\">Ateliere Sanidan<\/h2>\t\t\t\t<\/div>\n\t\t\t\t<div class=\"elementor-element elementor-element-0d00b20 elementor-align-center elementor-widget elementor-widget-button\" data-id=\"0d00b20\" data-element_type=\"widget\" data-e-type=\"widget\" data-widget_type=\"button.default\">\n\t\t\t\t\t\t\t\t\t\t<a class=\"elementor-button elementor-button-link elementor-size-sm\" href=\"https:\/\/sanidan.ro\/?page_id=318\">\n\t\t\t\t\t\t<span class=\"elementor-button-content-wrapper\">\n\t\t\t\t\t\t\t\t\t<span class=\"elementor-button-text\">Vezi Atelierele<\/span>\n\t\t\t\t\t<\/span>\n\t\t\t\t\t<\/a>\n\t\t\t\t\t\t\t\t<\/div>\n\t\t\t\t<\/div>\n\t\t<div class=\"elementor-element elementor-element-66ed7ba e-con-full e-flex e-con e-child\" data-id=\"66ed7ba\" data-element_type=\"container\" data-e-type=\"container\" data-settings=\"{&quot;background_background&quot;:&quot;classic&quot;}\">\n\t\t\t\t<div class=\"elementor-element elementor-element-0516e04 elementor-widget elementor-widget-heading\" data-id=\"0516e04\" data-element_type=\"widget\" data-e-type=\"widget\" data-widget_type=\"heading.default\">\n\t\t\t\t\t<h2 class=\"elementor-heading-title elementor-size-default\">Evenimente Sanidan<\/h2>\t\t\t\t<\/div>\n\t\t\t\t<div class=\"elementor-element elementor-element-5e85f48 elementor-align-center elementor-widget elementor-widget-button\" data-id=\"5e85f48\" data-element_type=\"widget\" data-e-type=\"widget\" data-widget_type=\"button.default\">\n\t\t\t\t\t\t\t\t\t\t<a class=\"elementor-button elementor-button-link elementor-size-sm\" href=\"https:\/\/sanidan.ro\/?page_id=320\">\n\t\t\t\t\t\t<span class=\"elementor-button-content-wrapper\">\n\t\t\t\t\t\t\t\t\t<span class=\"elementor-button-text\">Vezi Evenimentele<\/span>\n\t\t\t\t\t<\/span>\n\t\t\t\t\t<\/a>\n\t\t\t\t\t\t\t\t<\/div>\n\t\t\t\t<\/div>\n\t\t\t\t\t<\/div>\n\t\t\t\t<\/div>\n\t\t<div class=\"elementor-element elementor-element-94cdf85 e-flex e-con-boxed e-con e-parent\" data-id=\"94cdf85\" data-element_type=\"container\" data-e-type=\"container\">\n\t\t\t\t\t<div class=\"e-con-inner\">\n\t\t\t\t<div class=\"elementor-element elementor-element-b39375e elementor-widget elementor-widget-text-editor\" data-id=\"b39375e\" data-element_type=\"widget\" data-e-type=\"widget\" data-widget_type=\"text-editor.default\">\n\t\t\t\t\t\t\t\t\t<p data-start=\"538\" data-end=\"827\"><strong data-start=\"538\" data-end=\"827\">Indiferent \u00een ce etap\u0103 a vie\u021bii te afli, un program sau un atelier potrivit poate deschide un spa\u021biu nou \u00een tine: un spa\u021biu de claritate, de lini\u0219te \u0219i de prezen\u021b\u0103. Fiecare \u00eent\u00e2lnire de la Sanidan este g\u00e2ndit\u0103 ca un pas mic, dar profund, c\u0103tre un corp mai liber \u0219i o minte mai a\u0219ezat\u0103.<\/strong><\/p><p data-start=\"829\" data-end=\"1139\">\u00cen aceste cursuri, nu urm\u0103re\u0219ti doar mi\u0219carea, ci \u00eenve\u021bi <strong data-start=\"886\" data-end=\"907\">s\u0103 ascul\u021bi corpul<\/strong> cu aten\u021bie \u0219i respect. \u00cenve\u021bi s\u0103 observi respira\u021bia, postura, felul \u00een care reac\u021bionezi la stres, la oboseal\u0103 sau la presiunea zilnic\u0103. \u00cencetul cu \u00eencetul, \u00eencepi s\u0103 \u00een\u021belegi ceea ce \u00eenainte sim\u021beai doar ca disconfort sau tensiune.<\/p><p data-start=\"1141\" data-end=\"1399\">Fiecare practic\u0103, fie ea de mi\u0219care lent\u0103, exerci\u021bii de con\u0219tientizare sau tehnici de eliberare fascial\u0103, \u00ee\u021bi ofer\u0103 un instrument pentru via\u021ba de zi cu zi. Nu urm\u0103re\u0219ti perfec\u021biunea, ci progresul. Nu urm\u0103re\u0219ti performan\u021ba, ci <strong data-start=\"1367\" data-end=\"1398\">reconectarea cu tine \u00eens\u0103\u021bi<\/strong>.<\/p><p data-start=\"1401\" data-end=\"1699\">Te invit s\u0103 explorezi aceste programe cu curiozitate \u0219i deschidere. Alege ceea ce rezoneaz\u0103 cu tine acum. C\u00e2nd corpul se simte \u00een siguran\u021b\u0103, mintea se lini\u0219te\u0219te, iar energia \u00eencepe s\u0103 circule firesc. Iar atunci c\u00e2nd \u00eenve\u021bi s\u0103 respiri, s\u0103 te mi\u0219ti \u0219i s\u0103 te a\u0219ezi \u00een tine, via\u021ba \u00eentreag\u0103 se schimb\u0103.<\/p><p data-start=\"1701\" data-end=\"1841\"><strong data-start=\"1701\" data-end=\"1841\">Aici, la Sanidan, te sus\u021binem s\u0103 descoperi drumul t\u0103u c\u0103tre echilibru: pas cu pas, cu bl\u00e2nde\u021be \u0219i cu respect pentru ritmul t\u0103u interior.<\/strong><\/p>\t\t\t\t\t\t\t\t<\/div>\n\t\t\t\t\t<\/div>\n\t\t\t\t<\/div>\n\t\t\t\t<\/div>\n\t\t","protected":false},"excerpt":{"rendered":"<p>Programe \u0219i Ateliere Sanidan Alege programul potrivit pentru tine La Sanidan, fiecare curs \u0219i atelier este creat pentru a te ajuta s\u0103-\u021bi \u00een\u021belegi corpul, respira\u021bia \u0219i energia.Alege dintre programe de mi\u0219care, ateliere practice \u0219i evenimente dedicate echilibrului interior. Cursuri Sanidan Vezi Cursurile Ateliere Sanidan Vezi Atelierele Evenimente Sanidan Vezi Evenimentele Indiferent \u00een ce etap\u0103 a&#8230;<\/p>\n","protected":false},"author":1,"featured_media":344,"parent":0,"menu_order":0,"comment_status":"closed","ping_status":"closed","template":"","meta":{"_kad_post_transparent":"disable","_kad_post_title":"hide","_kad_post_layout":"fullwidth","_kad_post_sidebar_id":"","_kad_post_content_style":"unboxed","_kad_post_vertical_padding":"hide","_kad_post_feature":"hide","_kad_post_feature_position":"","_kad_post_header":false,"_kad_post_footer":false,"_kad_post_classname":"","footnotes":""},"class_list":["post-314","page","type-page","status-publish","has-post-thumbnail","hentry"],"yoast_head":"<!-- This site is optimized with the Yoast SEO plugin v27.4 - https:\/\/yoast.com\/product\/yoast-seo-wordpress\/ -->\n<title>Programe \u0219i Ateliere - Sanidan \u2013 Arta de a tr\u0103i \u00een echilibru<\/title>\n<meta name=\"description\" content=\"Programe \u0219i Ateliere Sanidan: descoper\u0103 cursuri, ateliere \u0219i evenimente create pentru echilibru, mi\u0219care con\u0219tient\u0103 \u0219i s\u0103n\u0103tate fizic\u0103.\" \/>\n<meta name=\"robots\" content=\"index, follow, max-snippet:-1, max-image-preview:large, max-video-preview:-1\" \/>\n<link rel=\"canonical\" href=\"https:\/\/sanidan.ro\/?page_id=314\" \/>\n<meta property=\"og:locale\" content=\"ro_RO\" \/>\n<meta property=\"og:type\" content=\"article\" \/>\n<meta property=\"og:title\" content=\"Programe \u0219i Ateliere - Sanidan \u2013 Arta de a tr\u0103i \u00een echilibru\" \/>\n<meta property=\"og:description\" content=\"Programe \u0219i Ateliere Sanidan: descoper\u0103 cursuri, ateliere \u0219i evenimente create pentru echilibru, mi\u0219care con\u0219tient\u0103 \u0219i s\u0103n\u0103tate fizic\u0103.\" \/>\n<meta property=\"og:url\" content=\"https:\/\/sanidan.ro\/?page_id=314\" \/>\n<meta property=\"og:site_name\" content=\"Sanidan \u2013 Arta de a tr\u0103i \u00een echilibru\" \/>\n<meta property=\"article:modified_time\" content=\"2026-02-04T07:22:17+00:00\" \/>\n<meta property=\"og:image\" content=\"https:\/\/sanidan.ro\/wp-content\/uploads\/2025\/12\/ChatGPT-Image-4-dec.-2025-00_39_20-1024x683.png\" \/>\n\t<meta property=\"og:image:width\" content=\"1024\" \/>\n\t<meta property=\"og:image:height\" content=\"683\" \/>\n\t<meta property=\"og:image:type\" content=\"image\/png\" \/>\n<meta name=\"twitter:card\" content=\"summary_large_image\" \/>\n<meta name=\"twitter:label1\" content=\"Timp estimat pentru citire\" \/>\n\t<meta name=\"twitter:data1\" content=\"2 minute\" \/>\n<script type=\"application\/ld+json\" class=\"yoast-schema-graph\">{\"@context\":\"https:\\\/\\\/schema.org\",\"@graph\":[{\"@type\":\"WebPage\",\"@id\":\"https:\\\/\\\/sanidan.ro\\\/?page_id=314\",\"url\":\"https:\\\/\\\/sanidan.ro\\\/?page_id=314\",\"name\":\"Programe \u0219i Ateliere - Sanidan \u2013 Arta de a tr\u0103i \u00een echilibru\",\"isPartOf\":{\"@id\":\"https:\\\/\\\/sanidan.ro\\\/#website\"},\"primaryImageOfPage\":{\"@id\":\"https:\\\/\\\/sanidan.ro\\\/?page_id=314#primaryimage\"},\"image\":{\"@id\":\"https:\\\/\\\/sanidan.ro\\\/?page_id=314#primaryimage\"},\"thumbnailUrl\":\"https:\\\/\\\/sanidan.ro\\\/wp-content\\\/uploads\\\/2025\\\/12\\\/ChatGPT-Image-4-dec.-2025-00_39_20.png\",\"datePublished\":\"2025-12-03T19:57:13+00:00\",\"dateModified\":\"2026-02-04T07:22:17+00:00\",\"description\":\"Programe \u0219i Ateliere Sanidan: descoper\u0103 cursuri, ateliere \u0219i evenimente create pentru echilibru, mi\u0219care con\u0219tient\u0103 \u0219i s\u0103n\u0103tate fizic\u0103.\",\"breadcrumb\":{\"@id\":\"https:\\\/\\\/sanidan.ro\\\/?page_id=314#breadcrumb\"},\"inLanguage\":\"ro-RO\",\"potentialAction\":[{\"@type\":\"ReadAction\",\"target\":[\"https:\\\/\\\/sanidan.ro\\\/?page_id=314\"]}]},{\"@type\":\"ImageObject\",\"inLanguage\":\"ro-RO\",\"@id\":\"https:\\\/\\\/sanidan.ro\\\/?page_id=314#primaryimage\",\"url\":\"https:\\\/\\\/sanidan.ro\\\/wp-content\\\/uploads\\\/2025\\\/12\\\/ChatGPT-Image-4-dec.-2025-00_39_20.png\",\"contentUrl\":\"https:\\\/\\\/sanidan.ro\\\/wp-content\\\/uploads\\\/2025\\\/12\\\/ChatGPT-Image-4-dec.-2025-00_39_20.png\",\"width\":1536,\"height\":1024},{\"@type\":\"BreadcrumbList\",\"@id\":\"https:\\\/\\\/sanidan.ro\\\/?page_id=314#breadcrumb\",\"itemListElement\":[{\"@type\":\"ListItem\",\"position\":1,\"name\":\"Prima pagin\u0103\",\"item\":\"https:\\\/\\\/sanidan.ro\\\/\"},{\"@type\":\"ListItem\",\"position\":2,\"name\":\"Programe \u0219i Ateliere\"}]},{\"@type\":\"WebSite\",\"@id\":\"https:\\\/\\\/sanidan.ro\\\/#website\",\"url\":\"https:\\\/\\\/sanidan.ro\\\/\",\"name\":\"Sanidan \u2013 Arta de a tr\u0103i \u00een echilibru\",\"description\":\"\",\"publisher\":{\"@id\":\"https:\\\/\\\/sanidan.ro\\\/#\\\/schema\\\/person\\\/04097aae4a3517908d8dd748091af16a\"},\"potentialAction\":[{\"@type\":\"SearchAction\",\"target\":{\"@type\":\"EntryPoint\",\"urlTemplate\":\"https:\\\/\\\/sanidan.ro\\\/?s={search_term_string}\"},\"query-input\":{\"@type\":\"PropertyValueSpecification\",\"valueRequired\":true,\"valueName\":\"search_term_string\"}}],\"inLanguage\":\"ro-RO\"},{\"@type\":[\"Person\",\"Organization\"],\"@id\":\"https:\\\/\\\/sanidan.ro\\\/#\\\/schema\\\/person\\\/04097aae4a3517908d8dd748091af16a\",\"name\":\"admin\",\"image\":{\"@type\":\"ImageObject\",\"inLanguage\":\"ro-RO\",\"@id\":\"https:\\\/\\\/sanidan.ro\\\/wp-content\\\/uploads\\\/2025\\\/11\\\/Way-of-Healing.png\",\"url\":\"https:\\\/\\\/sanidan.ro\\\/wp-content\\\/uploads\\\/2025\\\/11\\\/Way-of-Healing.png\",\"contentUrl\":\"https:\\\/\\\/sanidan.ro\\\/wp-content\\\/uploads\\\/2025\\\/11\\\/Way-of-Healing.png\",\"width\":1024,\"height\":1024,\"caption\":\"admin\"},\"logo\":{\"@id\":\"https:\\\/\\\/sanidan.ro\\\/wp-content\\\/uploads\\\/2025\\\/11\\\/Way-of-Healing.png\"},\"sameAs\":[\"https:\\\/\\\/sanidan.ro\"]}]}<\/script>\n<!-- \/ Yoast SEO plugin. -->","yoast_head_json":{"title":"Programe \u0219i Ateliere - Sanidan \u2013 Arta de a tr\u0103i \u00een echilibru","description":"Programe \u0219i Ateliere Sanidan: descoper\u0103 cursuri, ateliere \u0219i evenimente create pentru echilibru, mi\u0219care con\u0219tient\u0103 \u0219i s\u0103n\u0103tate fizic\u0103.","robots":{"index":"index","follow":"follow","max-snippet":"max-snippet:-1","max-image-preview":"max-image-preview:large","max-video-preview":"max-video-preview:-1"},"canonical":"https:\/\/sanidan.ro\/?page_id=314","og_locale":"ro_RO","og_type":"article","og_title":"Programe \u0219i Ateliere - Sanidan \u2013 Arta de a tr\u0103i \u00een echilibru","og_description":"Programe \u0219i Ateliere Sanidan: descoper\u0103 cursuri, ateliere \u0219i evenimente create pentru echilibru, mi\u0219care con\u0219tient\u0103 \u0219i s\u0103n\u0103tate fizic\u0103.","og_url":"https:\/\/sanidan.ro\/?page_id=314","og_site_name":"Sanidan \u2013 Arta de a tr\u0103i \u00een echilibru","article_modified_time":"2026-02-04T07:22:17+00:00","og_image":[{"width":1024,"height":683,"url":"https:\/\/sanidan.ro\/wp-content\/uploads\/2025\/12\/ChatGPT-Image-4-dec.-2025-00_39_20-1024x683.png","type":"image\/png"}],"twitter_card":"summary_large_image","twitter_misc":{"Timp estimat pentru citire":"2 minute"},"schema":{"@context":"https:\/\/schema.org","@graph":[{"@type":"WebPage","@id":"https:\/\/sanidan.ro\/?page_id=314","url":"https:\/\/sanidan.ro\/?page_id=314","name":"Programe \u0219i Ateliere - Sanidan \u2013 Arta de a tr\u0103i \u00een echilibru","isPartOf":{"@id":"https:\/\/sanidan.ro\/#website"},"primaryImageOfPage":{"@id":"https:\/\/sanidan.ro\/?page_id=314#primaryimage"},"image":{"@id":"https:\/\/sanidan.ro\/?page_id=314#primaryimage"},"thumbnailUrl":"https:\/\/sanidan.ro\/wp-content\/uploads\/2025\/12\/ChatGPT-Image-4-dec.-2025-00_39_20.png","datePublished":"2025-12-03T19:57:13+00:00","dateModified":"2026-02-04T07:22:17+00:00","description":"Programe \u0219i Ateliere Sanidan: descoper\u0103 cursuri, ateliere \u0219i evenimente create pentru echilibru, mi\u0219care con\u0219tient\u0103 \u0219i s\u0103n\u0103tate fizic\u0103.","breadcrumb":{"@id":"https:\/\/sanidan.ro\/?page_id=314#breadcrumb"},"inLanguage":"ro-RO","potentialAction":[{"@type":"ReadAction","target":["https:\/\/sanidan.ro\/?page_id=314"]}]},{"@type":"ImageObject","inLanguage":"ro-RO","@id":"https:\/\/sanidan.ro\/?page_id=314#primaryimage","url":"https:\/\/sanidan.ro\/wp-content\/uploads\/2025\/12\/ChatGPT-Image-4-dec.-2025-00_39_20.png","contentUrl":"https:\/\/sanidan.ro\/wp-content\/uploads\/2025\/12\/ChatGPT-Image-4-dec.-2025-00_39_20.png","width":1536,"height":1024},{"@type":"BreadcrumbList","@id":"https:\/\/sanidan.ro\/?page_id=314#breadcrumb","itemListElement":[{"@type":"ListItem","position":1,"name":"Prima pagin\u0103","item":"https:\/\/sanidan.ro\/"},{"@type":"ListItem","position":2,"name":"Programe \u0219i Ateliere"}]},{"@type":"WebSite","@id":"https:\/\/sanidan.ro\/#website","url":"https:\/\/sanidan.ro\/","name":"Sanidan \u2013 Arta de a tr\u0103i \u00een echilibru","description":"","publisher":{"@id":"https:\/\/sanidan.ro\/#\/schema\/person\/04097aae4a3517908d8dd748091af16a"},"potentialAction":[{"@type":"SearchAction","target":{"@type":"EntryPoint","urlTemplate":"https:\/\/sanidan.ro\/?s={search_term_string}"},"query-input":{"@type":"PropertyValueSpecification","valueRequired":true,"valueName":"search_term_string"}}],"inLanguage":"ro-RO"},{"@type":["Person","Organization"],"@id":"https:\/\/sanidan.ro\/#\/schema\/person\/04097aae4a3517908d8dd748091af16a","name":"admin","image":{"@type":"ImageObject","inLanguage":"ro-RO","@id":"https:\/\/sanidan.ro\/wp-content\/uploads\/2025\/11\/Way-of-Healing.png","url":"https:\/\/sanidan.ro\/wp-content\/uploads\/2025\/11\/Way-of-Healing.png","contentUrl":"https:\/\/sanidan.ro\/wp-content\/uploads\/2025\/11\/Way-of-Healing.png","width":1024,"height":1024,"caption":"admin"},"logo":{"@id":"https:\/\/sanidan.ro\/wp-content\/uploads\/2025\/11\/Way-of-Healing.png"},"sameAs":["https:\/\/sanidan.ro"]}]}},"_links":{"self":[{"href":"https:\/\/sanidan.ro\/index.php?rest_route=\/wp\/v2\/pages\/314","targetHints":{"allow":["GET"]}}],"collection":[{"href":"https:\/\/sanidan.ro\/index.php?rest_route=\/wp\/v2\/pages"}],"about":[{"href":"https:\/\/sanidan.ro\/index.php?rest_route=\/wp\/v2\/types\/page"}],"author":[{"embeddable":true,"href":"https:\/\/sanidan.ro\/index.php?rest_route=\/wp\/v2\/users\/1"}],"replies":[{"embeddable":true,"href":"https:\/\/sanidan.ro\/index.php?rest_route=%2Fwp%2Fv2%2Fcomments&post=314"}],"version-history":[{"count":86,"href":"https:\/\/sanidan.ro\/index.php?rest_route=\/wp\/v2\/pages\/314\/revisions"}],"predecessor-version":[{"id":1770,"href":"https:\/\/sanidan.ro\/index.php?rest_route=\/wp\/v2\/pages\/314\/revisions\/1770"}],"wp:featuredmedia":[{"embeddable":true,"href":"https:\/\/sanidan.ro\/index.php?rest_route=\/wp\/v2\/media\/344"}],"wp:attachment":[{"href":"https:\/\/sanidan.ro\/index.php?rest_route=%2Fwp%2Fv2%2Fmedia&parent=314"}],"curies":[{"name":"wp","href":"https:\/\/api.w.org\/{rel}","templated":true}]}}