{"id":19,"date":"2025-11-12T19:56:36","date_gmt":"2025-11-12T19:56:36","guid":{"rendered":"https:\/\/sanidan.ro\/index.php\/contul-meu\/"},"modified":"2026-01-20T22:28:08","modified_gmt":"2026-01-20T22:28:08","slug":"contul-meu","status":"publish","type":"page","link":"https:\/\/sanidan.ro\/?page_id=19","title":{"rendered":"Contul meu"},"content":{"rendered":"\t\t<div data-elementor-type=\"wp-page\" data-elementor-id=\"19\" class=\"elementor elementor-19\" data-elementor-post-type=\"page\">\n\t\t\t\t<div class=\"elementor-element elementor-element-798e11e5 e-flex e-con-boxed e-con e-parent\" data-id=\"798e11e5\" data-element_type=\"container\" data-e-type=\"container\" data-settings=\"{&quot;background_background&quot;:&quot;classic&quot;}\">\n\t\t\t\t\t<div class=\"e-con-inner\">\n\t\t\t\t<div class=\"elementor-element elementor-element-1fbbc63f elementor-widget elementor-widget-text-editor\" data-id=\"1fbbc63f\" data-element_type=\"widget\" data-e-type=\"widget\" data-widget_type=\"text-editor.default\">\n\t\t\t\t\t\t\t\t\t<div class=\"woocommerce\">\n<div class=\"woocommerce-notices-wrapper\"><\/div>\n<div class=\"u-columns col2-set\" id=\"customer_login\">\n<div class=\"u-column1 col-1\">\n<h2>Autentificare<\/h2>\n<form class=\"woocommerce-form woocommerce-form-login login\" method=\"post\" novalidate>\n<p class=\"woocommerce-form-row woocommerce-form-row--wide form-row form-row-wide\">\n\t\t\t\t<label for=\"username\">Nume utilizator sau adres\u0103 email&nbsp;<span class=\"required\" aria-hidden=\"true\">*<\/span><span class=\"screen-reader-text\">Obligatoriu<\/span><\/label><br \/>\n\t\t\t\t<input type=\"text\" class=\"woocommerce-Input woocommerce-Input--text input-text\" name=\"username\" id=\"username\" autocomplete=\"username\" value=\"\" required aria-required=\"true\" \/>\t\t\t<\/p>\n<p class=\"woocommerce-form-row woocommerce-form-row--wide form-row form-row-wide\">\n\t\t\t\t<label for=\"password\">Parol\u0103&nbsp;<span class=\"required\" aria-hidden=\"true\">*<\/span><span class=\"screen-reader-text\">Obligatoriu<\/span><\/label><br \/>\n\t\t\t\t<input class=\"woocommerce-Input woocommerce-Input--text input-text\" type=\"password\" name=\"password\" id=\"password\" autocomplete=\"current-password\" required aria-required=\"true\" \/>\n\t\t\t<\/p>\n<p class=\"form-row\">\n\t\t\t\t<label class=\"woocommerce-form__label woocommerce-form__label-for-checkbox woocommerce-form-login__rememberme\"><br \/>\n\t\t\t\t\t<input class=\"woocommerce-form__input woocommerce-form__input-checkbox\" name=\"rememberme\" type=\"checkbox\" id=\"rememberme\" value=\"forever\" \/> <span>\u021aine-m\u0103 minte<\/span><br \/>\n\t\t\t\t<\/label><br \/>\n\t\t\t\t<input type=\"hidden\" id=\"woocommerce-login-nonce\" name=\"woocommerce-login-nonce\" value=\"5ff58c5d58\" \/><input type=\"hidden\" name=\"_wp_http_referer\" value=\"\/index.php?rest_route=%2Fwp%2Fv2%2Fpages%2F19\" \/>\t\t\t\t<button type=\"submit\" class=\"woocommerce-button button woocommerce-form-login__submit\" name=\"login\" value=\"Autentificare\">Autentificare<\/button>\n\t\t\t<\/p>\n<p class=\"woocommerce-LostPassword lost_password\">\n\t\t\t\t<a href=\"https:\/\/sanidan.ro\/?page_id=19&#038;lost-password\">Ai uitat parola?<\/a>\n\t\t\t<\/p>\n<\/p><\/form>\n<\/p><\/div>\n<div class=\"u-column2 col-2\">\n<h2>\u00cenregistrare<\/h2>\n<form method=\"post\" class=\"woocommerce-form woocommerce-form-register register\"  >\n<p class=\"woocommerce-form-row woocommerce-form-row--wide form-row form-row-wide\">\n\t\t\t\t<label for=\"reg_email\">Adres\u0103 email&nbsp;<span class=\"required\" aria-hidden=\"true\">*<\/span><span class=\"screen-reader-text\">Obligatoriu<\/span><\/label><br \/>\n\t\t\t\t<input type=\"email\" class=\"woocommerce-Input woocommerce-Input--text input-text\" name=\"email\" id=\"reg_email\" autocomplete=\"email\" value=\"\" required aria-required=\"true\" \/>\t\t\t<\/p>\n<p class=\"woocommerce-form-row woocommerce-form-row--wide form-row form-row-wide\">\n\t\t\t\t\t<label for=\"reg_password\">Parol\u0103&nbsp;<span class=\"required\" aria-hidden=\"true\">*<\/span><span class=\"screen-reader-text\">Obligatoriu<\/span><\/label><br \/>\n\t\t\t\t\t<input type=\"password\" class=\"woocommerce-Input woocommerce-Input--text input-text\" name=\"password\" id=\"reg_password\" autocomplete=\"new-password\" required aria-required=\"true\" \/>\n\t\t\t\t<\/p>\n<p>\t\t\t<wc-order-attribution-inputs><\/wc-order-attribution-inputs><\/p>\n<div class=\"woocommerce-privacy-policy-text\">\n<p>Datele personale vor fi folosite pentru a-\u021bi sus\u021bine experien\u021ba pe acest site web, pentru a administra accesul la contul t\u0103u \u0219i pentru alte scopuri descrise \u00een <a href=\"https:\/\/sanidan.ro\/?page_id=3\" class=\"woocommerce-privacy-policy-link\" target=\"_blank\">politic\u0103 de confiden\u021bialitate<\/a>.<\/p>\n<\/div>\n<p class=\"woocommerce-form-row form-row\">\n\t\t\t\t<input type=\"hidden\" id=\"woocommerce-register-nonce\" name=\"woocommerce-register-nonce\" value=\"ccf6322b6a\" \/><input type=\"hidden\" name=\"_wp_http_referer\" value=\"\/index.php?rest_route=%2Fwp%2Fv2%2Fpages%2F19\" \/>\t\t\t\t<button type=\"submit\" class=\"woocommerce-Button woocommerce-button button woocommerce-form-register__submit\" name=\"register\" value=\"\u00cenregistrare\">\u00cenregistrare<\/button>\n\t\t\t<\/p>\n<\/p><\/form>\n<\/p><\/div>\n<\/div>\n<\/div>\n\t\t\t\t\t\t\t\t<\/div>\n\t\t\t\t\t<\/div>\n\t\t\t\t<\/div>\n\t\t<div class=\"elementor-element elementor-element-ad84677 e-flex e-con-boxed e-con e-parent\" data-id=\"ad84677\" data-element_type=\"container\" data-e-type=\"container\">\n\t\t\t\t\t<div class=\"e-con-inner\">\n\t\t\t\t<div class=\"elementor-element elementor-element-65d73fa elementor-widget elementor-widget-text-editor\" data-id=\"65d73fa\" data-element_type=\"widget\" data-e-type=\"widget\" data-widget_type=\"text-editor.default\">\n\t\t\t\t\t\t\t\t\t<p data-start=\"1427\" data-end=\"1674\"><strong data-start=\"1427\" data-end=\"1449\">Contul meu<\/strong>\u00a0este spa\u021biul t\u0103u personal \u00een care po\u021bi administra cu u\u0219urin\u021b\u0103 toate informa\u021biile legate de serviciile \u0219i produsele tale. Am creat aceast\u0103 pagin\u0103 pentru ca experien\u021ba ta pe sanidan.ro s\u0103 fie c\u00e2t mai simpl\u0103, clar\u0103 \u0219i sigur\u0103.<\/p>\n<p data-start=\"1676\" data-end=\"1954\">Aici po\u021bi vedea istoricul comenzilor, po\u021bi desc\u0103rca produsele digitale achizi\u021bionate \u0219i po\u021bi actualiza datele personale atunci c\u00e2nd ai nevoie. Dac\u0103 participi la cursuri, ateliere sau ai cump\u0103rat materiale terapeutice, le vei g\u0103si organizate \u00een acela\u0219i loc, pentru acces rapid.<\/p>\n<p data-start=\"1956\" data-end=\"2215\">Pagina <strong data-start=\"1963\" data-end=\"1985\">Contul meu<\/strong>\u00a0\u00ee\u021bi ofer\u0103 \u0219i posibilitatea de a urm\u0103ri statusul comenzilor, de a verifica detaliile de facturare \u0219i de a gestiona preferin\u021bele de comunicare. \u00cen plus, dac\u0103 ai \u00eentreb\u0103ri sau ai nevoie de suport, po\u021bi lua leg\u0103tura cu noi oric\u00e2nd.<\/p>\n<p data-start=\"2217\" data-end=\"2531\">Ne dorim s\u0103 ai o experien\u021b\u0103 fluid\u0103 \u0219i profesionist\u0103, astfel \u00eenc\u00e2t s\u0103 te po\u021bi concentra pe ceea ce conteaz\u0103 cu adev\u0103rat: procesul t\u0103u de vindecare, echilibru \u0219i transformare. Sanidan este un spa\u021biu construit cu grij\u0103, iar aceast\u0103 sec\u021biune a site-ului reflect\u0103 aceea\u0219i inten\u021bie: claritate, organizare \u0219i siguran\u021b\u0103.<\/p>\n<p data-start=\"2533\" data-end=\"2757\">Dac\u0103 ai creat recent un cont, te \u00eencuraj\u0103m s\u0103 \u00ee\u021bi verifici datele \u0219i s\u0103 \u00ee\u021bi personalizezi profilul. Dac\u0103 revii pentru a desc\u0103rca un material sau pentru a vedea o comand\u0103 anterioar\u0103, totul este la c\u00e2teva click-uri distan\u021b\u0103.<\/p>\n<p data-start=\"2759\" data-end=\"2844\">Mul\u021bumim c\u0103 faci parte din comunitatea Sanidan \u0219i c\u0103 ai \u00eencredere \u00een munca noastr\u0103.<\/p>\t\t\t\t\t\t\t\t<\/div>\n\t\t\t\t\t<\/div>\n\t\t\t\t<\/div>\n\t\t\t\t<\/div>\n\t\t","protected":false},"excerpt":{"rendered":"<p>Contul meu\u00a0este spa\u021biul t\u0103u personal \u00een care po\u021bi administra cu u\u0219urin\u021b\u0103 toate informa\u021biile legate de serviciile \u0219i produsele tale. Am creat aceast\u0103 pagin\u0103 pentru ca experien\u021ba ta pe sanidan.ro s\u0103 fie c\u00e2t mai simpl\u0103, clar\u0103 \u0219i sigur\u0103. Aici po\u021bi vedea istoricul comenzilor, po\u021bi desc\u0103rca produsele digitale achizi\u021bionate \u0219i po\u021bi actualiza datele personale atunci c\u00e2nd ai&#8230;<\/p>\n","protected":false},"author":1,"featured_media":309,"parent":0,"menu_order":0,"comment_status":"closed","ping_status":"closed","template":"","meta":{"_kad_post_transparent":"","_kad_post_title":"","_kad_post_layout":"","_kad_post_sidebar_id":"","_kad_post_content_style":"","_kad_post_vertical_padding":"","_kad_post_feature":"","_kad_post_feature_position":"","_kad_post_header":false,"_kad_post_footer":false,"_kad_post_classname":"","footnotes":""},"class_list":["post-19","page","type-page","status-publish","has-post-thumbnail","hentry"],"yoast_head":"<!-- This site is optimized with the Yoast SEO plugin v27.4 - https:\/\/yoast.com\/product\/yoast-seo-wordpress\/ -->\n<title>Contul meu - Sanidan \u2013 Arta de a tr\u0103i \u00een echilibru<\/title>\n<meta name=\"description\" content=\"Contul meu Sanidan \u00ee\u021bi ofer\u0103 acces la comenzile tale, desc\u0103rc\u0103ri, detalii personale \u0219i resurse achizi\u021bionate - un spa\u021biu u\u0219or de folosit.\" \/>\n<meta name=\"robots\" content=\"index, follow, max-snippet:-1, max-image-preview:large, max-video-preview:-1\" \/>\n<link rel=\"canonical\" href=\"https:\/\/sanidan.ro\/?page_id=19\" \/>\n<meta property=\"og:locale\" content=\"ro_RO\" \/>\n<meta property=\"og:type\" content=\"article\" \/>\n<meta property=\"og:title\" content=\"Contul meu - Sanidan \u2013 Arta de a tr\u0103i \u00een echilibru\" \/>\n<meta property=\"og:description\" content=\"Contul meu Sanidan \u00ee\u021bi ofer\u0103 acces la comenzile tale, desc\u0103rc\u0103ri, detalii personale \u0219i resurse achizi\u021bionate - un spa\u021biu u\u0219or de folosit.\" \/>\n<meta property=\"og:url\" content=\"https:\/\/sanidan.ro\/?page_id=19\" \/>\n<meta property=\"og:site_name\" content=\"Sanidan \u2013 Arta de a tr\u0103i \u00een echilibru\" \/>\n<meta property=\"article:modified_time\" content=\"2026-01-20T22:28:08+00:00\" \/>\n<meta property=\"og:image\" content=\"https:\/\/sanidan.ro\/wp-content\/uploads\/2025\/12\/ChatGPT-Image-3-dec.-2025-15_23_46.png\" \/>\n\t<meta property=\"og:image:width\" content=\"1024\" \/>\n\t<meta property=\"og:image:height\" content=\"1024\" \/>\n\t<meta property=\"og:image:type\" content=\"image\/png\" \/>\n<meta name=\"twitter:card\" content=\"summary_large_image\" \/>\n<meta name=\"twitter:label1\" content=\"Timp estimat pentru citire\" \/>\n\t<meta name=\"twitter:data1\" content=\"2 minute\" \/>\n<script type=\"application\/ld+json\" class=\"yoast-schema-graph\">{\"@context\":\"https:\\\/\\\/schema.org\",\"@graph\":[{\"@type\":\"WebPage\",\"@id\":\"https:\\\/\\\/sanidan.ro\\\/?page_id=19\",\"url\":\"https:\\\/\\\/sanidan.ro\\\/?page_id=19\",\"name\":\"Contul meu - Sanidan \u2013 Arta de a tr\u0103i \u00een echilibru\",\"isPartOf\":{\"@id\":\"https:\\\/\\\/sanidan.ro\\\/#website\"},\"primaryImageOfPage\":{\"@id\":\"https:\\\/\\\/sanidan.ro\\\/?page_id=19#primaryimage\"},\"image\":{\"@id\":\"https:\\\/\\\/sanidan.ro\\\/?page_id=19#primaryimage\"},\"thumbnailUrl\":\"https:\\\/\\\/sanidan.ro\\\/wp-content\\\/uploads\\\/2025\\\/12\\\/ChatGPT-Image-3-dec.-2025-15_23_46.png\",\"datePublished\":\"2025-11-12T19:56:36+00:00\",\"dateModified\":\"2026-01-20T22:28:08+00:00\",\"description\":\"Contul meu Sanidan \u00ee\u021bi ofer\u0103 acces la comenzile tale, desc\u0103rc\u0103ri, detalii personale \u0219i resurse achizi\u021bionate - un spa\u021biu u\u0219or de folosit.\",\"breadcrumb\":{\"@id\":\"https:\\\/\\\/sanidan.ro\\\/?page_id=19#breadcrumb\"},\"inLanguage\":\"ro-RO\",\"potentialAction\":[{\"@type\":\"ReadAction\",\"target\":[\"https:\\\/\\\/sanidan.ro\\\/?page_id=19\"]}]},{\"@type\":\"ImageObject\",\"inLanguage\":\"ro-RO\",\"@id\":\"https:\\\/\\\/sanidan.ro\\\/?page_id=19#primaryimage\",\"url\":\"https:\\\/\\\/sanidan.ro\\\/wp-content\\\/uploads\\\/2025\\\/12\\\/ChatGPT-Image-3-dec.-2025-15_23_46.png\",\"contentUrl\":\"https:\\\/\\\/sanidan.ro\\\/wp-content\\\/uploads\\\/2025\\\/12\\\/ChatGPT-Image-3-dec.-2025-15_23_46.png\",\"width\":1024,\"height\":1024,\"caption\":\"contul meu \u2013 administrare profil\"},{\"@type\":\"BreadcrumbList\",\"@id\":\"https:\\\/\\\/sanidan.ro\\\/?page_id=19#breadcrumb\",\"itemListElement\":[{\"@type\":\"ListItem\",\"position\":1,\"name\":\"Prima pagin\u0103\",\"item\":\"https:\\\/\\\/sanidan.ro\\\/\"},{\"@type\":\"ListItem\",\"position\":2,\"name\":\"Contul meu\"}]},{\"@type\":\"WebSite\",\"@id\":\"https:\\\/\\\/sanidan.ro\\\/#website\",\"url\":\"https:\\\/\\\/sanidan.ro\\\/\",\"name\":\"Sanidan \u2013 Arta de a tr\u0103i \u00een echilibru\",\"description\":\"\",\"publisher\":{\"@id\":\"https:\\\/\\\/sanidan.ro\\\/#\\\/schema\\\/person\\\/04097aae4a3517908d8dd748091af16a\"},\"potentialAction\":[{\"@type\":\"SearchAction\",\"target\":{\"@type\":\"EntryPoint\",\"urlTemplate\":\"https:\\\/\\\/sanidan.ro\\\/?s={search_term_string}\"},\"query-input\":{\"@type\":\"PropertyValueSpecification\",\"valueRequired\":true,\"valueName\":\"search_term_string\"}}],\"inLanguage\":\"ro-RO\"},{\"@type\":[\"Person\",\"Organization\"],\"@id\":\"https:\\\/\\\/sanidan.ro\\\/#\\\/schema\\\/person\\\/04097aae4a3517908d8dd748091af16a\",\"name\":\"admin\",\"image\":{\"@type\":\"ImageObject\",\"inLanguage\":\"ro-RO\",\"@id\":\"https:\\\/\\\/sanidan.ro\\\/wp-content\\\/uploads\\\/2025\\\/11\\\/Way-of-Healing.png\",\"url\":\"https:\\\/\\\/sanidan.ro\\\/wp-content\\\/uploads\\\/2025\\\/11\\\/Way-of-Healing.png\",\"contentUrl\":\"https:\\\/\\\/sanidan.ro\\\/wp-content\\\/uploads\\\/2025\\\/11\\\/Way-of-Healing.png\",\"width\":1024,\"height\":1024,\"caption\":\"admin\"},\"logo\":{\"@id\":\"https:\\\/\\\/sanidan.ro\\\/wp-content\\\/uploads\\\/2025\\\/11\\\/Way-of-Healing.png\"},\"sameAs\":[\"https:\\\/\\\/sanidan.ro\"]}]}<\/script>\n<!-- \/ Yoast SEO plugin. -->","yoast_head_json":{"title":"Contul meu - Sanidan \u2013 Arta de a tr\u0103i \u00een echilibru","description":"Contul meu Sanidan \u00ee\u021bi ofer\u0103 acces la comenzile tale, desc\u0103rc\u0103ri, detalii personale \u0219i resurse achizi\u021bionate - un spa\u021biu u\u0219or de folosit.","robots":{"index":"index","follow":"follow","max-snippet":"max-snippet:-1","max-image-preview":"max-image-preview:large","max-video-preview":"max-video-preview:-1"},"canonical":"https:\/\/sanidan.ro\/?page_id=19","og_locale":"ro_RO","og_type":"article","og_title":"Contul meu - Sanidan \u2013 Arta de a tr\u0103i \u00een echilibru","og_description":"Contul meu Sanidan \u00ee\u021bi ofer\u0103 acces la comenzile tale, desc\u0103rc\u0103ri, detalii personale \u0219i resurse achizi\u021bionate - un spa\u021biu u\u0219or de folosit.","og_url":"https:\/\/sanidan.ro\/?page_id=19","og_site_name":"Sanidan \u2013 Arta de a tr\u0103i \u00een echilibru","article_modified_time":"2026-01-20T22:28:08+00:00","og_image":[{"width":1024,"height":1024,"url":"https:\/\/sanidan.ro\/wp-content\/uploads\/2025\/12\/ChatGPT-Image-3-dec.-2025-15_23_46.png","type":"image\/png"}],"twitter_card":"summary_large_image","twitter_misc":{"Timp estimat pentru citire":"2 minute"},"schema":{"@context":"https:\/\/schema.org","@graph":[{"@type":"WebPage","@id":"https:\/\/sanidan.ro\/?page_id=19","url":"https:\/\/sanidan.ro\/?page_id=19","name":"Contul meu - Sanidan \u2013 Arta de a tr\u0103i \u00een echilibru","isPartOf":{"@id":"https:\/\/sanidan.ro\/#website"},"primaryImageOfPage":{"@id":"https:\/\/sanidan.ro\/?page_id=19#primaryimage"},"image":{"@id":"https:\/\/sanidan.ro\/?page_id=19#primaryimage"},"thumbnailUrl":"https:\/\/sanidan.ro\/wp-content\/uploads\/2025\/12\/ChatGPT-Image-3-dec.-2025-15_23_46.png","datePublished":"2025-11-12T19:56:36+00:00","dateModified":"2026-01-20T22:28:08+00:00","description":"Contul meu Sanidan \u00ee\u021bi ofer\u0103 acces la comenzile tale, desc\u0103rc\u0103ri, detalii personale \u0219i resurse achizi\u021bionate - un spa\u021biu u\u0219or de folosit.","breadcrumb":{"@id":"https:\/\/sanidan.ro\/?page_id=19#breadcrumb"},"inLanguage":"ro-RO","potentialAction":[{"@type":"ReadAction","target":["https:\/\/sanidan.ro\/?page_id=19"]}]},{"@type":"ImageObject","inLanguage":"ro-RO","@id":"https:\/\/sanidan.ro\/?page_id=19#primaryimage","url":"https:\/\/sanidan.ro\/wp-content\/uploads\/2025\/12\/ChatGPT-Image-3-dec.-2025-15_23_46.png","contentUrl":"https:\/\/sanidan.ro\/wp-content\/uploads\/2025\/12\/ChatGPT-Image-3-dec.-2025-15_23_46.png","width":1024,"height":1024,"caption":"contul meu \u2013 administrare profil"},{"@type":"BreadcrumbList","@id":"https:\/\/sanidan.ro\/?page_id=19#breadcrumb","itemListElement":[{"@type":"ListItem","position":1,"name":"Prima pagin\u0103","item":"https:\/\/sanidan.ro\/"},{"@type":"ListItem","position":2,"name":"Contul meu"}]},{"@type":"WebSite","@id":"https:\/\/sanidan.ro\/#website","url":"https:\/\/sanidan.ro\/","name":"Sanidan \u2013 Arta de a tr\u0103i \u00een echilibru","description":"","publisher":{"@id":"https:\/\/sanidan.ro\/#\/schema\/person\/04097aae4a3517908d8dd748091af16a"},"potentialAction":[{"@type":"SearchAction","target":{"@type":"EntryPoint","urlTemplate":"https:\/\/sanidan.ro\/?s={search_term_string}"},"query-input":{"@type":"PropertyValueSpecification","valueRequired":true,"valueName":"search_term_string"}}],"inLanguage":"ro-RO"},{"@type":["Person","Organization"],"@id":"https:\/\/sanidan.ro\/#\/schema\/person\/04097aae4a3517908d8dd748091af16a","name":"admin","image":{"@type":"ImageObject","inLanguage":"ro-RO","@id":"https:\/\/sanidan.ro\/wp-content\/uploads\/2025\/11\/Way-of-Healing.png","url":"https:\/\/sanidan.ro\/wp-content\/uploads\/2025\/11\/Way-of-Healing.png","contentUrl":"https:\/\/sanidan.ro\/wp-content\/uploads\/2025\/11\/Way-of-Healing.png","width":1024,"height":1024,"caption":"admin"},"logo":{"@id":"https:\/\/sanidan.ro\/wp-content\/uploads\/2025\/11\/Way-of-Healing.png"},"sameAs":["https:\/\/sanidan.ro"]}]}},"_links":{"self":[{"href":"https:\/\/sanidan.ro\/index.php?rest_route=\/wp\/v2\/pages\/19","targetHints":{"allow":["GET"]}}],"collection":[{"href":"https:\/\/sanidan.ro\/index.php?rest_route=\/wp\/v2\/pages"}],"about":[{"href":"https:\/\/sanidan.ro\/index.php?rest_route=\/wp\/v2\/types\/page"}],"author":[{"embeddable":true,"href":"https:\/\/sanidan.ro\/index.php?rest_route=\/wp\/v2\/users\/1"}],"replies":[{"embeddable":true,"href":"https:\/\/sanidan.ro\/index.php?rest_route=%2Fwp%2Fv2%2Fcomments&post=19"}],"version-history":[{"count":16,"href":"https:\/\/sanidan.ro\/index.php?rest_route=\/wp\/v2\/pages\/19\/revisions"}],"predecessor-version":[{"id":1612,"href":"https:\/\/sanidan.ro\/index.php?rest_route=\/wp\/v2\/pages\/19\/revisions\/1612"}],"wp:featuredmedia":[{"embeddable":true,"href":"https:\/\/sanidan.ro\/index.php?rest_route=\/wp\/v2\/media\/309"}],"wp:attachment":[{"href":"https:\/\/sanidan.ro\/index.php?rest_route=%2Fwp%2Fv2%2Fmedia&parent=19"}],"curies":[{"name":"wp","href":"https:\/\/api.w.org\/{rel}","templated":true}]}}