{"id":1857,"date":"2026-03-14T05:33:21","date_gmt":"2026-03-14T05:33:21","guid":{"rendered":"https:\/\/sanidan.ro\/?page_id=1857"},"modified":"2026-03-14T18:51:37","modified_gmt":"2026-03-14T18:51:37","slug":"creste-increderea-si-puterea-interioara-prin-neurografica","status":"publish","type":"page","link":"https:\/\/sanidan.ro\/?page_id=1857","title":{"rendered":"Cre\u0219te \u00eencrederea \u0219i puterea interioar\u0103 prin neurografic\u0103"},"content":{"rendered":"\t\t<div data-elementor-type=\"wp-page\" data-elementor-id=\"1857\" class=\"elementor elementor-1857\" data-elementor-post-type=\"page\">\n\t\t\t\t<div class=\"elementor-element elementor-element-88e8717 e-flex e-con-boxed e-con e-parent\" data-id=\"88e8717\" data-element_type=\"container\" data-e-type=\"container\">\n\t\t\t\t\t<div class=\"e-con-inner\">\n\t\t<div class=\"elementor-element elementor-element-7300eb3 e-con-full e-flex e-con e-child\" data-id=\"7300eb3\" data-element_type=\"container\" data-e-type=\"container\" data-settings=\"{&quot;background_background&quot;:&quot;classic&quot;}\">\n\t\t\t\t<div class=\"elementor-element elementor-element-64c9489 elementor-widget elementor-widget-heading\" data-id=\"64c9489\" data-element_type=\"widget\" data-e-type=\"widget\" data-widget_type=\"heading.default\">\n\t\t\t\t\t<h2 class=\"elementor-heading-title elementor-size-default\">Cre\u0219te \u00eencrederea \u0219i puterea interioar\u0103\nprin neurografic\u0103\n- Atelier Sanidan martie 2026<\/h2>\t\t\t\t<\/div>\n\t\t\t\t<\/div>\n\t\t\t\t\t<\/div>\n\t\t\t\t<\/div>\n\t\t<div class=\"elementor-element elementor-element-69ce685 e-flex e-con-boxed e-con e-parent\" data-id=\"69ce685\" data-element_type=\"container\" data-e-type=\"container\">\n\t\t\t\t\t<div class=\"e-con-inner\">\n\t\t\t\t<div class=\"elementor-element elementor-element-aa98a66 elementor-widget elementor-widget-text-editor\" data-id=\"aa98a66\" data-element_type=\"widget\" data-e-type=\"widget\" data-widget_type=\"text-editor.default\">\n\t\t\t\t\t\t\t\t\t<h1 data-section-id=\"1iy8uv8\" data-start=\"348\" data-end=\"407\">Cre\u0219te \u00eencrederea \u0219i puterea interioar\u0103 prin neurografic\u0103<\/h1><p data-start=\"409\" data-end=\"549\">S\u0103pt\u0103m\u00e2na aceasta, la <strong data-start=\"431\" data-end=\"442\">Sanidan<\/strong>, am organizat dou\u0103 ateliere dedicate explor\u0103rii unei metode creative \u0219i transformatoare: <strong data-start=\"532\" data-end=\"548\">neurografica<\/strong>.<\/p><p data-start=\"551\" data-end=\"768\">Tema acestor \u00eent\u00e2lniri a fost <strong data-start=\"581\" data-end=\"644\">\u201eCre\u0219te \u00eencrederea \u0219i puterea interioar\u0103 prin neurografic\u0103\u201d<\/strong>. Participan\u021bii au avut ocazia s\u0103 lucreze \u00eentr-un mod vizual \u0219i intuitiv cu propriile g\u00e2nduri, emo\u021bii \u0219i blocaje interioare.<\/p><p data-start=\"770\" data-end=\"966\">Prin acest <strong data-start=\"781\" data-end=\"808\">atelier de neurografic\u0103<\/strong>, fiecare persoan\u0103 a putut explora modul \u00een care percepe o situa\u021bie din via\u021ba sa \u0219i cum poate activa mai mult\u0103 claritate, \u00eencredere \u0219i stabilitate interioar\u0103.<\/p><hr data-start=\"968\" data-end=\"971\" \/><h2 data-section-id=\"1h3een2\" data-start=\"973\" data-end=\"996\">Ce este neurografica<\/h2><p data-start=\"998\" data-end=\"1121\"><strong data-start=\"998\" data-end=\"1014\">Neurografica<\/strong> este o metod\u0103 de dezvoltare personal\u0103 care folose\u0219te desenul ca instrument de lucru cu mintea \u0219i emo\u021biile.<\/p><p data-start=\"1123\" data-end=\"1355\">Prin trasarea liniilor neurografice \u0219i transformarea formelor pe h\u00e2rtie, creierul \u00eencepe s\u0103 creeze <strong data-start=\"1222\" data-end=\"1249\">noi conexiuni neuronale<\/strong>. \u00cen acest proces, tensiunile interioare pot fi integrate \u00eentr-o perspectiv\u0103 mai calm\u0103 \u0219i mai echilibrat\u0103.<\/p><p data-start=\"1357\" data-end=\"1455\">Neurografica este simpl\u0103 \u0219i accesibil\u0103. Nu este nevoie de talent artistic sau experien\u021b\u0103 \u00een desen.<\/p><p data-start=\"1457\" data-end=\"1562\">Scopul nu este realizarea unui desen estetic, ci <strong data-start=\"1506\" data-end=\"1561\">explorarea \u0219i reorganizarea unor procese interioare<\/strong>.<\/p><hr data-start=\"1564\" data-end=\"1567\" \/><h2 data-section-id=\"1we2vbc\" data-start=\"1569\" data-end=\"1613\">\u00centreb\u0103rile de la care a pornit atelierul<\/h2><p data-start=\"1615\" data-end=\"1735\">\u00cen cadrul <strong data-start=\"1625\" data-end=\"1678\">atelierelor de neurografic\u0103 organizate la Sanidan<\/strong>, participan\u021bii au pornit de la dou\u0103 \u00eentreb\u0103ri esen\u021biale:<\/p><p data-start=\"1737\" data-end=\"1841\"><strong data-start=\"1737\" data-end=\"1787\">Unde am nevoie de mai mult\u0103 \u00eencredere \u00een mine?<\/strong><br data-start=\"1787\" data-end=\"1790\" \/><strong data-start=\"1790\" data-end=\"1841\">Cum \u00eemi pot activa mai mult puterea interioar\u0103?<\/strong><\/p><p data-start=\"1843\" data-end=\"1924\">Aceste \u00eentreb\u0103ri devin punctul de plecare al desenului \u0219i al procesului interior.<\/p><hr data-start=\"1926\" data-end=\"1929\" \/><h2 data-section-id=\"1r0t3h2\" data-start=\"1931\" data-end=\"1975\">Cum func\u021bioneaz\u0103 procesul de neurografic\u0103<\/h2><p data-start=\"1977\" data-end=\"2149\">Procesul \u00eencepe prin desenarea <strong data-start=\"2008\" data-end=\"2039\">liniilor libere \u0219i organice<\/strong>. Aceste linii nu sunt drepte \u0219i nu sunt planificate. Ele urmeaz\u0103 fluxul interior al persoanei care deseneaz\u0103.<\/p><p data-start=\"2151\" data-end=\"2185\">Apoi apar etapele de transformare:<\/p><ul data-start=\"2186\" data-end=\"2255\"><li data-section-id=\"13qj6r8\" data-start=\"2186\" data-end=\"2213\"><p data-start=\"2188\" data-end=\"2213\">rotunjirea intersec\u021biilor<\/p><\/li><li data-section-id=\"1ebokg9\" data-start=\"2214\" data-end=\"2232\"><p data-start=\"2216\" data-end=\"2232\">crearea formelor<\/p><\/li><li data-section-id=\"p2tgf7\" data-start=\"2233\" data-end=\"2255\"><p data-start=\"2235\" data-end=\"2255\">integrarea culorilor<\/p><\/li><\/ul><p data-start=\"2257\" data-end=\"2370\">Pe m\u0103sur\u0103 ce desenul evolueaz\u0103, apare \u0219i o schimbare \u00een modul \u00een care mintea proceseaz\u0103 emo\u021biile \u0219i experien\u021bele.<\/p><p data-start=\"2372\" data-end=\"2473\">De multe ori, participan\u021bii observ\u0103 c\u0103 o situa\u021bie care p\u0103rea blocat\u0103 \u00eencepe s\u0103 fie perceput\u0103 diferit.<\/p><hr data-start=\"2475\" data-end=\"2478\" \/><h2 data-section-id=\"5cmvsr\" data-start=\"2480\" data-end=\"2532\">Experien\u021ba atelierelor de neurografic\u0103 la Sanidan<\/h2><p data-start=\"2534\" data-end=\"2673\">\u00cen timpul atelierelor desf\u0103\u0219urate la <strong data-start=\"2571\" data-end=\"2582\">Sanidan<\/strong>, fiecare lucrare a devenit o expresie unic\u0103 a procesului personal al fiec\u0103rui participant.<\/p><p data-start=\"2675\" data-end=\"2830\">Prin <strong data-start=\"2680\" data-end=\"2734\">neurografica pentru \u00eencredere \u0219i putere interioar\u0103<\/strong>, participan\u021bii au putut observa cum ideile, emo\u021biile \u0219i percep\u021biile lor \u00eencep s\u0103 se transforme.<\/p><p data-start=\"2832\" data-end=\"2956\">Tema <strong data-start=\"2837\" data-end=\"2900\">\u201eCre\u0219te \u00eencrederea \u0219i puterea interioar\u0103 prin neurografic\u0103\u201d<\/strong> a fost explorat\u0103 \u00eentr-un mod calm, creativ \u0219i reflexiv.<\/p><p data-start=\"2958\" data-end=\"3063\">Pentru mul\u021bi participan\u021bi, experien\u021ba a devenit un moment de reconectare cu propriile resurse interioare.<\/p><hr data-start=\"3065\" data-end=\"3068\" \/><h2 data-section-id=\"18adxpq\" data-start=\"3070\" data-end=\"3100\">Atelierele creative Sanidan<\/h2><p data-start=\"3102\" data-end=\"3245\">La <strong data-start=\"3105\" data-end=\"3116\">Sanidan<\/strong>, astfel de ateliere fac parte dintr-o abordare mai ampl\u0103 de <strong data-start=\"3177\" data-end=\"3244\">dezvoltare personal\u0103, echilibru interior \u0219i reconectare cu sine<\/strong>.<\/p><p data-start=\"3247\" data-end=\"3396\">Prin activit\u0103\u021bi creative, reflec\u021bie \u0219i lucru con\u0219tient cu propriile emo\u021bii, participan\u021bii descoper\u0103 noi moduri de a privi experien\u021bele din via\u021ba lor.<\/p><p data-start=\"3398\" data-end=\"3442\">Uneori, schimbarea \u00eencepe cu gesturi simple:<\/p><ul data-start=\"3443\" data-end=\"3540\"><li data-section-id=\"1bw51hz\" data-start=\"3443\" data-end=\"3472\"><p data-start=\"3445\" data-end=\"3472\">o linie trasat\u0103 pe h\u00e2rtie<\/p><\/li><li data-section-id=\"plowx4\" data-start=\"3473\" data-end=\"3497\"><p data-start=\"3475\" data-end=\"3497\">un moment de lini\u0219te<\/p><\/li><li data-section-id=\"vwnnae\" data-start=\"3498\" data-end=\"3540\"><p data-start=\"3500\" data-end=\"3540\">o perspectiv\u0103 nou\u0103 asupra unei situa\u021bii.<\/p><\/li><\/ul><p data-start=\"3542\" data-end=\"3704\">Mai jos po\u021bi vedea un scurt video din cadrul <strong data-start=\"3587\" data-end=\"3640\">atelierelor de neurografic\u0103 organizate la Sanidan<\/strong>, dedicate cre\u0219terii \u00eencrederii \u0219i activ\u0103rii puterii interioare.<\/p>\t\t\t\t\t\t\t\t<\/div>\n\t\t\t\t\t<\/div>\n\t\t\t\t<\/div>\n\t\t<div class=\"elementor-element elementor-element-9ee197d e-flex e-con-boxed e-con e-parent\" data-id=\"9ee197d\" data-element_type=\"container\" data-e-type=\"container\">\n\t\t\t\t\t<div class=\"e-con-inner\">\n\t\t\t\t<div class=\"elementor-element elementor-element-32a54a9 elementor-widget__width-initial elementor-widget elementor-widget-video\" data-id=\"32a54a9\" data-element_type=\"widget\" data-e-type=\"widget\" data-settings=\"{&quot;youtube_url&quot;:&quot;https:\\\/\\\/youtube.com\\\/shorts\\\/QIeRTogveCM?feature=share&quot;,&quot;video_type&quot;:&quot;youtube&quot;,&quot;controls&quot;:&quot;yes&quot;}\" data-widget_type=\"video.default\">\n\t\t\t\t\t\t\t<div class=\"elementor-wrapper elementor-open-inline\">\n\t\t\t<div class=\"elementor-video\"><\/div>\t\t<\/div>\n\t\t\t\t\t\t<\/div>\n\t\t\t\t\t<\/div>\n\t\t\t\t<\/div>\n\t\t<div class=\"elementor-element elementor-element-11b2386 e-flex e-con-boxed e-con e-parent\" data-id=\"11b2386\" data-element_type=\"container\" data-e-type=\"container\">\n\t\t\t\t\t<div class=\"e-con-inner\">\n\t\t<div class=\"elementor-element elementor-element-815f0d7 e-con-full e-flex e-con e-child\" data-id=\"815f0d7\" data-element_type=\"container\" data-e-type=\"container\" data-settings=\"{&quot;background_background&quot;:&quot;classic&quot;}\">\n\t\t\t\t<div class=\"elementor-element elementor-element-3f380ee elementor-widget elementor-widget-heading\" data-id=\"3f380ee\" data-element_type=\"widget\" data-e-type=\"widget\" data-widget_type=\"heading.default\">\n\t\t\t\t\t<h2 class=\"elementor-heading-title elementor-size-default\">Dac\u0103 sim\u021bi c\u0103 ai nevoie de un spa\u021biu creativ pentru tine, te a\u0219tept\u0103m la atelierele Sanidan. Scrie-ne pe WhatsApp pentru detalii.<\/h2>\t\t\t\t<\/div>\n\t\t\t\t<div class=\"elementor-element elementor-element-7fff56f elementor-align-center elementor-widget elementor-widget-button\" data-id=\"7fff56f\" data-element_type=\"widget\" data-e-type=\"widget\" data-widget_type=\"button.default\">\n\t\t\t\t\t\t\t\t\t\t<a class=\"elementor-button elementor-button-link elementor-size-sm\" href=\"https:\/\/wa.me\/40751295915\">\n\t\t\t\t\t\t<span class=\"elementor-button-content-wrapper\">\n\t\t\t\t\t\t\t\t\t<span class=\"elementor-button-text\">D\u0103 clic aici<\/span>\n\t\t\t\t\t<\/span>\n\t\t\t\t\t<\/a>\n\t\t\t\t\t\t\t\t<\/div>\n\t\t\t\t<\/div>\n\t\t\t\t\t<\/div>\n\t\t\t\t<\/div>\n\t\t\t\t<\/div>\n\t\t","protected":false},"excerpt":{"rendered":"<p>Cre\u0219te \u00eencrederea \u0219i puterea interioar\u0103 prin neurografic\u0103 &#8211; Atelier Sanidan martie 2026 Cre\u0219te \u00eencrederea \u0219i puterea interioar\u0103 prin neurografic\u0103 S\u0103pt\u0103m\u00e2na aceasta, la Sanidan, am organizat dou\u0103 ateliere dedicate explor\u0103rii unei metode creative \u0219i transformatoare: neurografica. Tema acestor \u00eent\u00e2lniri a fost \u201eCre\u0219te \u00eencrederea \u0219i puterea interioar\u0103 prin neurografic\u0103\u201d. Participan\u021bii au avut ocazia s\u0103 lucreze \u00eentr-un mod&#8230;<\/p>\n","protected":false},"author":1,"featured_media":1858,"parent":0,"menu_order":0,"comment_status":"closed","ping_status":"closed","template":"","meta":{"_kad_post_transparent":"","_kad_post_title":"hide","_kad_post_layout":"fullwidth","_kad_post_sidebar_id":"","_kad_post_content_style":"unboxed","_kad_post_vertical_padding":"hide","_kad_post_feature":"hide","_kad_post_feature_position":"","_kad_post_header":false,"_kad_post_footer":false,"_kad_post_classname":"","footnotes":""},"class_list":["post-1857","page","type-page","status-publish","has-post-thumbnail","hentry"],"yoast_head":"<!-- This site is optimized with the Yoast SEO plugin v27.4 - https:\/\/yoast.com\/product\/yoast-seo-wordpress\/ -->\n<title>Cre\u0219te \u00eencrederea \u0219i puterea interioar\u0103 prin neurografic\u0103 - Sanidan \u2013 Arta de a tr\u0103i \u00een echilibru<\/title>\n<meta name=\"description\" content=\"Atelier de neurografic\u0103 la Sanidan pentru cre\u0219terea \u00eencrederii \u0219i a puterii interioare. Afl\u0103 cum desenul transforma g\u00e2ndurile \u0219i emo\u021biile.\" \/>\n<meta name=\"robots\" content=\"index, follow, max-snippet:-1, max-image-preview:large, max-video-preview:-1\" \/>\n<link rel=\"canonical\" href=\"https:\/\/sanidan.ro\/?page_id=1857\" \/>\n<meta property=\"og:locale\" content=\"ro_RO\" \/>\n<meta property=\"og:type\" content=\"article\" \/>\n<meta property=\"og:title\" content=\"Cre\u0219te \u00eencrederea \u0219i puterea interioar\u0103 prin neurografic\u0103 - Sanidan \u2013 Arta de a tr\u0103i \u00een echilibru\" \/>\n<meta property=\"og:description\" content=\"Atelier de neurografic\u0103 la Sanidan pentru cre\u0219terea \u00eencrederii \u0219i a puterii interioare. Afl\u0103 cum desenul transforma g\u00e2ndurile \u0219i emo\u021biile.\" \/>\n<meta property=\"og:url\" content=\"https:\/\/sanidan.ro\/?page_id=1857\" \/>\n<meta property=\"og:site_name\" content=\"Sanidan \u2013 Arta de a tr\u0103i \u00een echilibru\" \/>\n<meta property=\"article:modified_time\" content=\"2026-03-14T18:51:37+00:00\" \/>\n<meta property=\"og:image\" content=\"https:\/\/sanidan.ro\/wp-content\/uploads\/2026\/03\/20260313_193919-e1773466164341.jpg\" \/>\n\t<meta property=\"og:image:width\" content=\"1650\" \/>\n\t<meta property=\"og:image:height\" content=\"1126\" \/>\n\t<meta property=\"og:image:type\" content=\"image\/jpeg\" \/>\n<meta name=\"twitter:card\" content=\"summary_large_image\" \/>\n<meta name=\"twitter:label1\" content=\"Timp estimat pentru citire\" \/>\n\t<meta name=\"twitter:data1\" content=\"3 minute\" \/>\n<script type=\"application\/ld+json\" class=\"yoast-schema-graph\">{\"@context\":\"https:\\\/\\\/schema.org\",\"@graph\":[{\"@type\":\"WebPage\",\"@id\":\"https:\\\/\\\/sanidan.ro\\\/?page_id=1857\",\"url\":\"https:\\\/\\\/sanidan.ro\\\/?page_id=1857\",\"name\":\"Cre\u0219te \u00eencrederea \u0219i puterea interioar\u0103 prin neurografic\u0103 - Sanidan \u2013 Arta de a tr\u0103i \u00een echilibru\",\"isPartOf\":{\"@id\":\"https:\\\/\\\/sanidan.ro\\\/#website\"},\"primaryImageOfPage\":{\"@id\":\"https:\\\/\\\/sanidan.ro\\\/?page_id=1857#primaryimage\"},\"image\":{\"@id\":\"https:\\\/\\\/sanidan.ro\\\/?page_id=1857#primaryimage\"},\"thumbnailUrl\":\"https:\\\/\\\/sanidan.ro\\\/wp-content\\\/uploads\\\/2026\\\/03\\\/20260313_193919-e1773466164341.jpg\",\"datePublished\":\"2026-03-14T05:33:21+00:00\",\"dateModified\":\"2026-03-14T18:51:37+00:00\",\"description\":\"Atelier de neurografic\u0103 la Sanidan pentru cre\u0219terea \u00eencrederii \u0219i a puterii interioare. Afl\u0103 cum desenul transforma g\u00e2ndurile \u0219i emo\u021biile.\",\"breadcrumb\":{\"@id\":\"https:\\\/\\\/sanidan.ro\\\/?page_id=1857#breadcrumb\"},\"inLanguage\":\"ro-RO\",\"potentialAction\":[{\"@type\":\"ReadAction\",\"target\":[\"https:\\\/\\\/sanidan.ro\\\/?page_id=1857\"]}]},{\"@type\":\"ImageObject\",\"inLanguage\":\"ro-RO\",\"@id\":\"https:\\\/\\\/sanidan.ro\\\/?page_id=1857#primaryimage\",\"url\":\"https:\\\/\\\/sanidan.ro\\\/wp-content\\\/uploads\\\/2026\\\/03\\\/20260313_193919-e1773466164341.jpg\",\"contentUrl\":\"https:\\\/\\\/sanidan.ro\\\/wp-content\\\/uploads\\\/2026\\\/03\\\/20260313_193919-e1773466164341.jpg\",\"width\":1650,\"height\":1126},{\"@type\":\"BreadcrumbList\",\"@id\":\"https:\\\/\\\/sanidan.ro\\\/?page_id=1857#breadcrumb\",\"itemListElement\":[{\"@type\":\"ListItem\",\"position\":1,\"name\":\"Prima pagin\u0103\",\"item\":\"https:\\\/\\\/sanidan.ro\\\/\"},{\"@type\":\"ListItem\",\"position\":2,\"name\":\"Cre\u0219te \u00eencrederea \u0219i puterea interioar\u0103 prin neurografic\u0103\"}]},{\"@type\":\"WebSite\",\"@id\":\"https:\\\/\\\/sanidan.ro\\\/#website\",\"url\":\"https:\\\/\\\/sanidan.ro\\\/\",\"name\":\"Sanidan \u2013 Arta de a tr\u0103i \u00een echilibru\",\"description\":\"\",\"publisher\":{\"@id\":\"https:\\\/\\\/sanidan.ro\\\/#\\\/schema\\\/person\\\/04097aae4a3517908d8dd748091af16a\"},\"potentialAction\":[{\"@type\":\"SearchAction\",\"target\":{\"@type\":\"EntryPoint\",\"urlTemplate\":\"https:\\\/\\\/sanidan.ro\\\/?s={search_term_string}\"},\"query-input\":{\"@type\":\"PropertyValueSpecification\",\"valueRequired\":true,\"valueName\":\"search_term_string\"}}],\"inLanguage\":\"ro-RO\"},{\"@type\":[\"Person\",\"Organization\"],\"@id\":\"https:\\\/\\\/sanidan.ro\\\/#\\\/schema\\\/person\\\/04097aae4a3517908d8dd748091af16a\",\"name\":\"admin\",\"image\":{\"@type\":\"ImageObject\",\"inLanguage\":\"ro-RO\",\"@id\":\"https:\\\/\\\/sanidan.ro\\\/wp-content\\\/uploads\\\/2025\\\/11\\\/Way-of-Healing.png\",\"url\":\"https:\\\/\\\/sanidan.ro\\\/wp-content\\\/uploads\\\/2025\\\/11\\\/Way-of-Healing.png\",\"contentUrl\":\"https:\\\/\\\/sanidan.ro\\\/wp-content\\\/uploads\\\/2025\\\/11\\\/Way-of-Healing.png\",\"width\":1024,\"height\":1024,\"caption\":\"admin\"},\"logo\":{\"@id\":\"https:\\\/\\\/sanidan.ro\\\/wp-content\\\/uploads\\\/2025\\\/11\\\/Way-of-Healing.png\"},\"sameAs\":[\"https:\\\/\\\/sanidan.ro\"]}]}<\/script>\n<!-- \/ Yoast SEO plugin. -->","yoast_head_json":{"title":"Cre\u0219te \u00eencrederea \u0219i puterea interioar\u0103 prin neurografic\u0103 - Sanidan \u2013 Arta de a tr\u0103i \u00een echilibru","description":"Atelier de neurografic\u0103 la Sanidan pentru cre\u0219terea \u00eencrederii \u0219i a puterii interioare. Afl\u0103 cum desenul transforma g\u00e2ndurile \u0219i emo\u021biile.","robots":{"index":"index","follow":"follow","max-snippet":"max-snippet:-1","max-image-preview":"max-image-preview:large","max-video-preview":"max-video-preview:-1"},"canonical":"https:\/\/sanidan.ro\/?page_id=1857","og_locale":"ro_RO","og_type":"article","og_title":"Cre\u0219te \u00eencrederea \u0219i puterea interioar\u0103 prin neurografic\u0103 - Sanidan \u2013 Arta de a tr\u0103i \u00een echilibru","og_description":"Atelier de neurografic\u0103 la Sanidan pentru cre\u0219terea \u00eencrederii \u0219i a puterii interioare. Afl\u0103 cum desenul transforma g\u00e2ndurile \u0219i emo\u021biile.","og_url":"https:\/\/sanidan.ro\/?page_id=1857","og_site_name":"Sanidan \u2013 Arta de a tr\u0103i \u00een echilibru","article_modified_time":"2026-03-14T18:51:37+00:00","og_image":[{"width":1650,"height":1126,"url":"https:\/\/sanidan.ro\/wp-content\/uploads\/2026\/03\/20260313_193919-e1773466164341.jpg","type":"image\/jpeg"}],"twitter_card":"summary_large_image","twitter_misc":{"Timp estimat pentru citire":"3 minute"},"schema":{"@context":"https:\/\/schema.org","@graph":[{"@type":"WebPage","@id":"https:\/\/sanidan.ro\/?page_id=1857","url":"https:\/\/sanidan.ro\/?page_id=1857","name":"Cre\u0219te \u00eencrederea \u0219i puterea interioar\u0103 prin neurografic\u0103 - Sanidan \u2013 Arta de a tr\u0103i \u00een echilibru","isPartOf":{"@id":"https:\/\/sanidan.ro\/#website"},"primaryImageOfPage":{"@id":"https:\/\/sanidan.ro\/?page_id=1857#primaryimage"},"image":{"@id":"https:\/\/sanidan.ro\/?page_id=1857#primaryimage"},"thumbnailUrl":"https:\/\/sanidan.ro\/wp-content\/uploads\/2026\/03\/20260313_193919-e1773466164341.jpg","datePublished":"2026-03-14T05:33:21+00:00","dateModified":"2026-03-14T18:51:37+00:00","description":"Atelier de neurografic\u0103 la Sanidan pentru cre\u0219terea \u00eencrederii \u0219i a puterii interioare. Afl\u0103 cum desenul transforma g\u00e2ndurile \u0219i emo\u021biile.","breadcrumb":{"@id":"https:\/\/sanidan.ro\/?page_id=1857#breadcrumb"},"inLanguage":"ro-RO","potentialAction":[{"@type":"ReadAction","target":["https:\/\/sanidan.ro\/?page_id=1857"]}]},{"@type":"ImageObject","inLanguage":"ro-RO","@id":"https:\/\/sanidan.ro\/?page_id=1857#primaryimage","url":"https:\/\/sanidan.ro\/wp-content\/uploads\/2026\/03\/20260313_193919-e1773466164341.jpg","contentUrl":"https:\/\/sanidan.ro\/wp-content\/uploads\/2026\/03\/20260313_193919-e1773466164341.jpg","width":1650,"height":1126},{"@type":"BreadcrumbList","@id":"https:\/\/sanidan.ro\/?page_id=1857#breadcrumb","itemListElement":[{"@type":"ListItem","position":1,"name":"Prima pagin\u0103","item":"https:\/\/sanidan.ro\/"},{"@type":"ListItem","position":2,"name":"Cre\u0219te \u00eencrederea \u0219i puterea interioar\u0103 prin neurografic\u0103"}]},{"@type":"WebSite","@id":"https:\/\/sanidan.ro\/#website","url":"https:\/\/sanidan.ro\/","name":"Sanidan \u2013 Arta de a tr\u0103i \u00een echilibru","description":"","publisher":{"@id":"https:\/\/sanidan.ro\/#\/schema\/person\/04097aae4a3517908d8dd748091af16a"},"potentialAction":[{"@type":"SearchAction","target":{"@type":"EntryPoint","urlTemplate":"https:\/\/sanidan.ro\/?s={search_term_string}"},"query-input":{"@type":"PropertyValueSpecification","valueRequired":true,"valueName":"search_term_string"}}],"inLanguage":"ro-RO"},{"@type":["Person","Organization"],"@id":"https:\/\/sanidan.ro\/#\/schema\/person\/04097aae4a3517908d8dd748091af16a","name":"admin","image":{"@type":"ImageObject","inLanguage":"ro-RO","@id":"https:\/\/sanidan.ro\/wp-content\/uploads\/2025\/11\/Way-of-Healing.png","url":"https:\/\/sanidan.ro\/wp-content\/uploads\/2025\/11\/Way-of-Healing.png","contentUrl":"https:\/\/sanidan.ro\/wp-content\/uploads\/2025\/11\/Way-of-Healing.png","width":1024,"height":1024,"caption":"admin"},"logo":{"@id":"https:\/\/sanidan.ro\/wp-content\/uploads\/2025\/11\/Way-of-Healing.png"},"sameAs":["https:\/\/sanidan.ro"]}]}},"_links":{"self":[{"href":"https:\/\/sanidan.ro\/index.php?rest_route=\/wp\/v2\/pages\/1857","targetHints":{"allow":["GET"]}}],"collection":[{"href":"https:\/\/sanidan.ro\/index.php?rest_route=\/wp\/v2\/pages"}],"about":[{"href":"https:\/\/sanidan.ro\/index.php?rest_route=\/wp\/v2\/types\/page"}],"author":[{"embeddable":true,"href":"https:\/\/sanidan.ro\/index.php?rest_route=\/wp\/v2\/users\/1"}],"replies":[{"embeddable":true,"href":"https:\/\/sanidan.ro\/index.php?rest_route=%2Fwp%2Fv2%2Fcomments&post=1857"}],"version-history":[{"count":7,"href":"https:\/\/sanidan.ro\/index.php?rest_route=\/wp\/v2\/pages\/1857\/revisions"}],"predecessor-version":[{"id":1867,"href":"https:\/\/sanidan.ro\/index.php?rest_route=\/wp\/v2\/pages\/1857\/revisions\/1867"}],"wp:featuredmedia":[{"embeddable":true,"href":"https:\/\/sanidan.ro\/index.php?rest_route=\/wp\/v2\/media\/1858"}],"wp:attachment":[{"href":"https:\/\/sanidan.ro\/index.php?rest_route=%2Fwp%2Fv2%2Fmedia&parent=1857"}],"curies":[{"name":"wp","href":"https:\/\/api.w.org\/{rel}","templated":true}]}}