{"id":1772,"date":"2026-02-12T18:54:15","date_gmt":"2026-02-12T18:54:15","guid":{"rendered":"https:\/\/sanidan.ro\/?page_id=1772"},"modified":"2026-02-12T19:29:26","modified_gmt":"2026-02-12T19:29:26","slug":"atelier-creativ-martisoare-flori","status":"publish","type":"page","link":"https:\/\/sanidan.ro\/?page_id=1772","title":{"rendered":"Atelier creativ M\u0103r\u021bi\u0219oare Flori"},"content":{"rendered":"\t\t<div data-elementor-type=\"wp-page\" data-elementor-id=\"1772\" class=\"elementor elementor-1772\" data-elementor-post-type=\"page\">\n\t\t\t\t<div class=\"elementor-element elementor-element-9805c54 e-flex e-con-boxed e-con e-parent\" data-id=\"9805c54\" data-element_type=\"container\" data-e-type=\"container\">\n\t\t\t\t\t<div class=\"e-con-inner\">\n\t\t<div class=\"elementor-element elementor-element-a301d9d e-con-full e-flex e-con e-child\" data-id=\"a301d9d\" data-element_type=\"container\" data-e-type=\"container\" data-settings=\"{&quot;background_background&quot;:&quot;classic&quot;}\">\n\t\t\t\t<div class=\"elementor-element elementor-element-40b4bd4 elementor-widget elementor-widget-heading\" data-id=\"40b4bd4\" data-element_type=\"widget\" data-e-type=\"widget\" data-widget_type=\"heading.default\">\n\t\t\t\t\t<h2 class=\"elementor-heading-title elementor-size-default\">Atelier creativ M\u0103r\u021bi\u0219oare Flori\n11 februarie 2026<\/h2>\t\t\t\t<\/div>\n\t\t\t\t<\/div>\n\t\t\t\t\t<\/div>\n\t\t\t\t<\/div>\n\t\t<div class=\"elementor-element elementor-element-e7df62f e-flex e-con-boxed e-con e-parent\" data-id=\"e7df62f\" data-element_type=\"container\" data-e-type=\"container\">\n\t\t\t\t\t<div class=\"e-con-inner\">\n\t\t\t\t<div class=\"elementor-element elementor-element-aaeb377 elementor-widget elementor-widget-text-editor\" data-id=\"aaeb377\" data-element_type=\"widget\" data-e-type=\"widget\" data-widget_type=\"text-editor.default\">\n\t\t\t\t\t\t\t\t\t<h3 data-start=\"1017\" data-end=\"1069\">Al treilea atelier din seria \u00eent\u00e2lnirilor lunare<\/h3><p data-start=\"1071\" data-end=\"1256\">\u00cen cadrul atelierelor creative Sanidan, luna aceasta ne-am \u00eent\u00e2lnit pentru a crea <strong data-start=\"1153\" data-end=\"1182\">m\u0103r\u021bi\u0219oare-flori handmade<\/strong>, \u00eentr-un spa\u021biu care \u00eembin\u0103 creativitatea, relaxarea \u0219i conexiunea uman\u0103.<\/p><p data-start=\"1258\" data-end=\"1461\">Atelierul a avut loc \u00een cabinet, \u00eentr-un cadru intim \u0219i prietenos, unde participantele au lucrat cu materiale textile, organza, fetru \u0219i accesorii decorative pentru a da form\u0103 propriilor flori simbolice.<\/p><h3 data-start=\"1463\" data-end=\"1495\">Ce a \u00eensemnat acest atelier?<\/h3><ul data-start=\"1497\" data-end=\"1684\"><li data-start=\"1497\" data-end=\"1537\"><p data-start=\"1499\" data-end=\"1537\">O pauz\u0103 con\u0219tient\u0103 din ritmul zilnic<\/p><\/li><li data-start=\"1538\" data-end=\"1594\"><p data-start=\"1540\" data-end=\"1594\">O activitate manual\u0103 care lini\u0219te\u0219te sistemul nervos<\/p><\/li><li data-start=\"1595\" data-end=\"1638\"><p data-start=\"1597\" data-end=\"1638\">Socializare \u00eentr-un mediu sigur \u0219i cald<\/p><\/li><li data-start=\"1639\" data-end=\"1684\"><p data-start=\"1641\" data-end=\"1684\">Bucuria de a crea ceva cu propriile m\u00e2ini<\/p><\/li><\/ul><p data-start=\"1686\" data-end=\"1798\">Fiecare floare a fost diferit\u0103. Fiecare participant\u0103 \u0219i-a pus amprenta personal\u0103 \u00een culoare, textur\u0103 \u0219i form\u0103.<\/p><p data-start=\"1800\" data-end=\"1953\">Atelierele creative Sanidan nu sunt doar despre obiecte realizate manual. Sunt despre prezen\u021b\u0103, conexiune \u0219i reconectarea cu bucuria simpl\u0103 a crea\u021biei.<\/p><h3 data-start=\"1955\" data-end=\"2004\">De ce organiz\u0103m ateliere creative la Sanidan?<\/h3><p data-start=\"2006\" data-end=\"2180\">Pentru c\u0103 echilibrul nu \u00eenseamn\u0103 doar terapie corporal\u0103. \u00censeamn\u0103 \u0219i activarea creativit\u0103\u021bii, stimularea motricit\u0103\u021bii fine, interac\u021biune social\u0103 \u0219i st\u0103ri de bine autentice.<\/p><p data-start=\"2182\" data-end=\"2312\">Ne dorim s\u0103 construim o comunitate \u00een care oamenii nu vin doar pentru tratament, ci \u0219i pentru experien\u021b\u0103, apartenen\u021b\u0103 \u0219i cre\u0219tere.<\/p>\t\t\t\t\t\t\t\t<\/div>\n\t\t\t\t\t<\/div>\n\t\t\t\t<\/div>\n\t\t<div class=\"elementor-element elementor-element-8cd0da8 e-flex e-con-boxed e-con e-parent\" data-id=\"8cd0da8\" data-element_type=\"container\" data-e-type=\"container\">\n\t\t\t\t\t<div class=\"e-con-inner\">\n\t\t<div class=\"elementor-element elementor-element-7123a72 e-con-full e-flex e-con e-child\" data-id=\"7123a72\" data-element_type=\"container\" data-e-type=\"container\">\n\t\t\t\t<div class=\"elementor-element elementor-element-fb1dc2f elementor-widget elementor-widget-image\" data-id=\"fb1dc2f\" data-element_type=\"widget\" data-e-type=\"widget\" data-widget_type=\"image.default\">\n\t\t\t\t\t\t\t\t\t\t\t\t\t\t\t<img fetchpriority=\"high\" decoding=\"async\" width=\"940\" height=\"788\" src=\"https:\/\/sanidan.ro\/wp-content\/uploads\/2026\/02\/2.png\" class=\"attachment-large size-large wp-image-1803\" alt=\"\" srcset=\"https:\/\/sanidan.ro\/wp-content\/uploads\/2026\/02\/2.png 940w, https:\/\/sanidan.ro\/wp-content\/uploads\/2026\/02\/2-300x251.png 300w, https:\/\/sanidan.ro\/wp-content\/uploads\/2026\/02\/2-768x644.png 768w, https:\/\/sanidan.ro\/wp-content\/uploads\/2026\/02\/2-600x503.png 600w\" sizes=\"(max-width: 940px) 100vw, 940px\" \/>\t\t\t\t\t\t\t\t\t\t\t\t\t\t\t<\/div>\n\t\t\t\t<\/div>\n\t\t<div class=\"elementor-element elementor-element-65c2290 e-con-full e-flex e-con e-child\" data-id=\"65c2290\" data-element_type=\"container\" data-e-type=\"container\">\n\t\t\t\t<div class=\"elementor-element elementor-element-2aa99ba elementor-widget elementor-widget-image\" data-id=\"2aa99ba\" data-element_type=\"widget\" data-e-type=\"widget\" data-widget_type=\"image.default\">\n\t\t\t\t\t\t\t\t\t\t\t\t\t\t\t<img decoding=\"async\" width=\"940\" height=\"788\" src=\"https:\/\/sanidan.ro\/wp-content\/uploads\/2026\/02\/3.png\" class=\"attachment-large size-large wp-image-1804\" alt=\"\" srcset=\"https:\/\/sanidan.ro\/wp-content\/uploads\/2026\/02\/3.png 940w, https:\/\/sanidan.ro\/wp-content\/uploads\/2026\/02\/3-300x251.png 300w, https:\/\/sanidan.ro\/wp-content\/uploads\/2026\/02\/3-768x644.png 768w, https:\/\/sanidan.ro\/wp-content\/uploads\/2026\/02\/3-600x503.png 600w\" sizes=\"(max-width: 940px) 100vw, 940px\" \/>\t\t\t\t\t\t\t\t\t\t\t\t\t\t\t<\/div>\n\t\t\t\t<\/div>\n\t\t<div class=\"elementor-element elementor-element-f2b14df e-con-full e-flex e-con e-child\" data-id=\"f2b14df\" data-element_type=\"container\" data-e-type=\"container\">\n\t\t\t\t<div class=\"elementor-element elementor-element-636c5b3 elementor-widget elementor-widget-image\" data-id=\"636c5b3\" data-element_type=\"widget\" data-e-type=\"widget\" data-widget_type=\"image.default\">\n\t\t\t\t\t\t\t\t\t\t\t\t\t\t\t<img decoding=\"async\" width=\"940\" height=\"788\" src=\"https:\/\/sanidan.ro\/wp-content\/uploads\/2026\/02\/4.png\" class=\"attachment-large size-large wp-image-1805\" alt=\"\" srcset=\"https:\/\/sanidan.ro\/wp-content\/uploads\/2026\/02\/4.png 940w, https:\/\/sanidan.ro\/wp-content\/uploads\/2026\/02\/4-300x251.png 300w, https:\/\/sanidan.ro\/wp-content\/uploads\/2026\/02\/4-768x644.png 768w, https:\/\/sanidan.ro\/wp-content\/uploads\/2026\/02\/4-600x503.png 600w\" sizes=\"(max-width: 940px) 100vw, 940px\" \/>\t\t\t\t\t\t\t\t\t\t\t\t\t\t\t<\/div>\n\t\t\t\t<\/div>\n\t\t<div class=\"elementor-element elementor-element-95b6e7f e-con-full e-flex e-con e-child\" data-id=\"95b6e7f\" data-element_type=\"container\" data-e-type=\"container\">\n\t\t\t\t<div class=\"elementor-element elementor-element-d337553 elementor-widget elementor-widget-image\" data-id=\"d337553\" data-element_type=\"widget\" data-e-type=\"widget\" data-widget_type=\"image.default\">\n\t\t\t\t\t\t\t\t\t\t\t\t\t\t\t<img loading=\"lazy\" decoding=\"async\" width=\"940\" height=\"788\" src=\"https:\/\/sanidan.ro\/wp-content\/uploads\/2026\/02\/5.png\" class=\"attachment-large size-large wp-image-1806\" alt=\"\" srcset=\"https:\/\/sanidan.ro\/wp-content\/uploads\/2026\/02\/5.png 940w, https:\/\/sanidan.ro\/wp-content\/uploads\/2026\/02\/5-300x251.png 300w, https:\/\/sanidan.ro\/wp-content\/uploads\/2026\/02\/5-768x644.png 768w, https:\/\/sanidan.ro\/wp-content\/uploads\/2026\/02\/5-600x503.png 600w\" sizes=\"(max-width: 940px) 100vw, 940px\" \/>\t\t\t\t\t\t\t\t\t\t\t\t\t\t\t<\/div>\n\t\t\t\t<\/div>\n\t\t<div class=\"elementor-element elementor-element-c9fb282 e-con-full e-flex e-con e-child\" data-id=\"c9fb282\" data-element_type=\"container\" data-e-type=\"container\">\n\t\t\t\t<div class=\"elementor-element elementor-element-f084446 elementor-widget elementor-widget-image\" data-id=\"f084446\" data-element_type=\"widget\" data-e-type=\"widget\" data-widget_type=\"image.default\">\n\t\t\t\t\t\t\t\t\t\t\t\t\t\t\t<img loading=\"lazy\" decoding=\"async\" width=\"940\" height=\"788\" src=\"https:\/\/sanidan.ro\/wp-content\/uploads\/2026\/02\/1.png\" class=\"attachment-large size-large wp-image-1773\" alt=\"\" srcset=\"https:\/\/sanidan.ro\/wp-content\/uploads\/2026\/02\/1.png 940w, https:\/\/sanidan.ro\/wp-content\/uploads\/2026\/02\/1-300x251.png 300w, https:\/\/sanidan.ro\/wp-content\/uploads\/2026\/02\/1-768x644.png 768w, https:\/\/sanidan.ro\/wp-content\/uploads\/2026\/02\/1-600x503.png 600w\" sizes=\"(max-width: 940px) 100vw, 940px\" \/>\t\t\t\t\t\t\t\t\t\t\t\t\t\t\t<\/div>\n\t\t\t\t<\/div>\n\t\t\t\t\t<\/div>\n\t\t\t\t<\/div>\n\t\t<div class=\"elementor-element elementor-element-0008236 e-flex e-con-boxed e-con e-parent\" data-id=\"0008236\" data-element_type=\"container\" data-e-type=\"container\">\n\t\t\t\t\t<div class=\"e-con-inner\">\n\t\t<div class=\"elementor-element elementor-element-6e67f6e e-con-full e-flex e-con e-child\" data-id=\"6e67f6e\" data-element_type=\"container\" data-e-type=\"container\" data-settings=\"{&quot;background_background&quot;:&quot;classic&quot;}\">\n\t\t\t\t<div class=\"elementor-element elementor-element-fdeb641 elementor-widget elementor-widget-heading\" data-id=\"fdeb641\" data-element_type=\"widget\" data-e-type=\"widget\" data-widget_type=\"heading.default\">\n\t\t\t\t\t<h2 class=\"elementor-heading-title elementor-size-default\">Dac\u0103 e\u0219ti din Bac\u0103u \u0219i te atrage ideea s\u0103 participi la un astfel de atelier, las\u0103 un mesaj pe whatsapp \u0219i te introduc in grup.<\/h2>\t\t\t\t<\/div>\n\t\t\t\t<div class=\"elementor-element elementor-element-ed3e9db elementor-align-center elementor-widget elementor-widget-button\" data-id=\"ed3e9db\" data-element_type=\"widget\" data-e-type=\"widget\" data-widget_type=\"button.default\">\n\t\t\t\t\t\t\t\t\t\t<a class=\"elementor-button elementor-button-link elementor-size-sm\" href=\"https:\/\/wa.me\/0040751295915\">\n\t\t\t\t\t\t<span class=\"elementor-button-content-wrapper\">\n\t\t\t\t\t\t\t\t\t<span class=\"elementor-button-text\">Mesaj Whatsapp<\/span>\n\t\t\t\t\t<\/span>\n\t\t\t\t\t<\/a>\n\t\t\t\t\t\t\t\t<\/div>\n\t\t\t\t<\/div>\n\t\t\t\t\t<\/div>\n\t\t\t\t<\/div>\n\t\t\t\t<\/div>\n\t\t","protected":false},"excerpt":{"rendered":"<p>Atelier creativ M\u0103r\u021bi\u0219oare Flori 11 februarie 2026 Al treilea atelier din seria \u00eent\u00e2lnirilor lunare \u00cen cadrul atelierelor creative Sanidan, luna aceasta ne-am \u00eent\u00e2lnit pentru a crea m\u0103r\u021bi\u0219oare-flori handmade, \u00eentr-un spa\u021biu care \u00eembin\u0103 creativitatea, relaxarea \u0219i conexiunea uman\u0103. Atelierul a avut loc \u00een cabinet, \u00eentr-un cadru intim \u0219i prietenos, unde participantele au lucrat cu materiale textile,&#8230;<\/p>\n","protected":false},"author":1,"featured_media":1773,"parent":0,"menu_order":0,"comment_status":"closed","ping_status":"closed","template":"","meta":{"_kad_post_transparent":"","_kad_post_title":"hide","_kad_post_layout":"fullwidth","_kad_post_sidebar_id":"","_kad_post_content_style":"unboxed","_kad_post_vertical_padding":"hide","_kad_post_feature":"hide","_kad_post_feature_position":"","_kad_post_header":false,"_kad_post_footer":false,"_kad_post_classname":"","footnotes":""},"class_list":["post-1772","page","type-page","status-publish","has-post-thumbnail","hentry"],"yoast_head":"<!-- This site is optimized with the Yoast SEO plugin v27.4 - https:\/\/yoast.com\/product\/yoast-seo-wordpress\/ -->\n<title>Atelier creativ M\u0103r\u021bi\u0219oare Flori - Sanidan \u2013 Arta de a tr\u0103i \u00een echilibru<\/title>\n<meta name=\"description\" content=\"Atelier creativ M\u0103r\u021bi\u0219oare Flori\" \/>\n<meta name=\"robots\" content=\"index, follow, max-snippet:-1, max-image-preview:large, max-video-preview:-1\" \/>\n<link rel=\"canonical\" href=\"https:\/\/sanidan.ro\/?page_id=1772\" \/>\n<meta property=\"og:locale\" content=\"ro_RO\" \/>\n<meta property=\"og:type\" content=\"article\" \/>\n<meta property=\"og:title\" content=\"Atelier creativ M\u0103r\u021bi\u0219oare Flori - Sanidan \u2013 Arta de a tr\u0103i \u00een echilibru\" \/>\n<meta property=\"og:description\" content=\"Atelier creativ M\u0103r\u021bi\u0219oare Flori\" \/>\n<meta property=\"og:url\" content=\"https:\/\/sanidan.ro\/?page_id=1772\" \/>\n<meta property=\"og:site_name\" content=\"Sanidan \u2013 Arta de a tr\u0103i \u00een echilibru\" \/>\n<meta property=\"article:modified_time\" content=\"2026-02-12T19:29:26+00:00\" \/>\n<meta property=\"og:image\" content=\"https:\/\/sanidan.ro\/wp-content\/uploads\/2026\/02\/1.png\" \/>\n\t<meta property=\"og:image:width\" content=\"940\" \/>\n\t<meta property=\"og:image:height\" content=\"788\" \/>\n\t<meta property=\"og:image:type\" content=\"image\/png\" \/>\n<meta name=\"twitter:card\" content=\"summary_large_image\" \/>\n<meta name=\"twitter:label1\" content=\"Timp estimat pentru citire\" \/>\n\t<meta name=\"twitter:data1\" content=\"3 minute\" \/>\n<script type=\"application\/ld+json\" class=\"yoast-schema-graph\">{\"@context\":\"https:\\\/\\\/schema.org\",\"@graph\":[{\"@type\":\"WebPage\",\"@id\":\"https:\\\/\\\/sanidan.ro\\\/?page_id=1772\",\"url\":\"https:\\\/\\\/sanidan.ro\\\/?page_id=1772\",\"name\":\"Atelier creativ M\u0103r\u021bi\u0219oare Flori - Sanidan \u2013 Arta de a tr\u0103i \u00een echilibru\",\"isPartOf\":{\"@id\":\"https:\\\/\\\/sanidan.ro\\\/#website\"},\"primaryImageOfPage\":{\"@id\":\"https:\\\/\\\/sanidan.ro\\\/?page_id=1772#primaryimage\"},\"image\":{\"@id\":\"https:\\\/\\\/sanidan.ro\\\/?page_id=1772#primaryimage\"},\"thumbnailUrl\":\"https:\\\/\\\/sanidan.ro\\\/wp-content\\\/uploads\\\/2026\\\/02\\\/1.png\",\"datePublished\":\"2026-02-12T18:54:15+00:00\",\"dateModified\":\"2026-02-12T19:29:26+00:00\",\"description\":\"Atelier creativ M\u0103r\u021bi\u0219oare Flori\",\"breadcrumb\":{\"@id\":\"https:\\\/\\\/sanidan.ro\\\/?page_id=1772#breadcrumb\"},\"inLanguage\":\"ro-RO\",\"potentialAction\":[{\"@type\":\"ReadAction\",\"target\":[\"https:\\\/\\\/sanidan.ro\\\/?page_id=1772\"]}]},{\"@type\":\"ImageObject\",\"inLanguage\":\"ro-RO\",\"@id\":\"https:\\\/\\\/sanidan.ro\\\/?page_id=1772#primaryimage\",\"url\":\"https:\\\/\\\/sanidan.ro\\\/wp-content\\\/uploads\\\/2026\\\/02\\\/1.png\",\"contentUrl\":\"https:\\\/\\\/sanidan.ro\\\/wp-content\\\/uploads\\\/2026\\\/02\\\/1.png\",\"width\":940,\"height\":788},{\"@type\":\"BreadcrumbList\",\"@id\":\"https:\\\/\\\/sanidan.ro\\\/?page_id=1772#breadcrumb\",\"itemListElement\":[{\"@type\":\"ListItem\",\"position\":1,\"name\":\"Prima pagin\u0103\",\"item\":\"https:\\\/\\\/sanidan.ro\\\/\"},{\"@type\":\"ListItem\",\"position\":2,\"name\":\"Atelier creativ M\u0103r\u021bi\u0219oare Flori\"}]},{\"@type\":\"WebSite\",\"@id\":\"https:\\\/\\\/sanidan.ro\\\/#website\",\"url\":\"https:\\\/\\\/sanidan.ro\\\/\",\"name\":\"Sanidan \u2013 Arta de a tr\u0103i \u00een echilibru\",\"description\":\"\",\"publisher\":{\"@id\":\"https:\\\/\\\/sanidan.ro\\\/#\\\/schema\\\/person\\\/04097aae4a3517908d8dd748091af16a\"},\"potentialAction\":[{\"@type\":\"SearchAction\",\"target\":{\"@type\":\"EntryPoint\",\"urlTemplate\":\"https:\\\/\\\/sanidan.ro\\\/?s={search_term_string}\"},\"query-input\":{\"@type\":\"PropertyValueSpecification\",\"valueRequired\":true,\"valueName\":\"search_term_string\"}}],\"inLanguage\":\"ro-RO\"},{\"@type\":[\"Person\",\"Organization\"],\"@id\":\"https:\\\/\\\/sanidan.ro\\\/#\\\/schema\\\/person\\\/04097aae4a3517908d8dd748091af16a\",\"name\":\"admin\",\"image\":{\"@type\":\"ImageObject\",\"inLanguage\":\"ro-RO\",\"@id\":\"https:\\\/\\\/sanidan.ro\\\/wp-content\\\/uploads\\\/2025\\\/11\\\/Way-of-Healing.png\",\"url\":\"https:\\\/\\\/sanidan.ro\\\/wp-content\\\/uploads\\\/2025\\\/11\\\/Way-of-Healing.png\",\"contentUrl\":\"https:\\\/\\\/sanidan.ro\\\/wp-content\\\/uploads\\\/2025\\\/11\\\/Way-of-Healing.png\",\"width\":1024,\"height\":1024,\"caption\":\"admin\"},\"logo\":{\"@id\":\"https:\\\/\\\/sanidan.ro\\\/wp-content\\\/uploads\\\/2025\\\/11\\\/Way-of-Healing.png\"},\"sameAs\":[\"https:\\\/\\\/sanidan.ro\"]}]}<\/script>\n<!-- \/ Yoast SEO plugin. -->","yoast_head_json":{"title":"Atelier creativ M\u0103r\u021bi\u0219oare Flori - Sanidan \u2013 Arta de a tr\u0103i \u00een echilibru","description":"Atelier creativ M\u0103r\u021bi\u0219oare Flori","robots":{"index":"index","follow":"follow","max-snippet":"max-snippet:-1","max-image-preview":"max-image-preview:large","max-video-preview":"max-video-preview:-1"},"canonical":"https:\/\/sanidan.ro\/?page_id=1772","og_locale":"ro_RO","og_type":"article","og_title":"Atelier creativ M\u0103r\u021bi\u0219oare Flori - Sanidan \u2013 Arta de a tr\u0103i \u00een echilibru","og_description":"Atelier creativ M\u0103r\u021bi\u0219oare Flori","og_url":"https:\/\/sanidan.ro\/?page_id=1772","og_site_name":"Sanidan \u2013 Arta de a tr\u0103i \u00een echilibru","article_modified_time":"2026-02-12T19:29:26+00:00","og_image":[{"width":940,"height":788,"url":"https:\/\/sanidan.ro\/wp-content\/uploads\/2026\/02\/1.png","type":"image\/png"}],"twitter_card":"summary_large_image","twitter_misc":{"Timp estimat pentru citire":"3 minute"},"schema":{"@context":"https:\/\/schema.org","@graph":[{"@type":"WebPage","@id":"https:\/\/sanidan.ro\/?page_id=1772","url":"https:\/\/sanidan.ro\/?page_id=1772","name":"Atelier creativ M\u0103r\u021bi\u0219oare Flori - Sanidan \u2013 Arta de a tr\u0103i \u00een echilibru","isPartOf":{"@id":"https:\/\/sanidan.ro\/#website"},"primaryImageOfPage":{"@id":"https:\/\/sanidan.ro\/?page_id=1772#primaryimage"},"image":{"@id":"https:\/\/sanidan.ro\/?page_id=1772#primaryimage"},"thumbnailUrl":"https:\/\/sanidan.ro\/wp-content\/uploads\/2026\/02\/1.png","datePublished":"2026-02-12T18:54:15+00:00","dateModified":"2026-02-12T19:29:26+00:00","description":"Atelier creativ M\u0103r\u021bi\u0219oare Flori","breadcrumb":{"@id":"https:\/\/sanidan.ro\/?page_id=1772#breadcrumb"},"inLanguage":"ro-RO","potentialAction":[{"@type":"ReadAction","target":["https:\/\/sanidan.ro\/?page_id=1772"]}]},{"@type":"ImageObject","inLanguage":"ro-RO","@id":"https:\/\/sanidan.ro\/?page_id=1772#primaryimage","url":"https:\/\/sanidan.ro\/wp-content\/uploads\/2026\/02\/1.png","contentUrl":"https:\/\/sanidan.ro\/wp-content\/uploads\/2026\/02\/1.png","width":940,"height":788},{"@type":"BreadcrumbList","@id":"https:\/\/sanidan.ro\/?page_id=1772#breadcrumb","itemListElement":[{"@type":"ListItem","position":1,"name":"Prima pagin\u0103","item":"https:\/\/sanidan.ro\/"},{"@type":"ListItem","position":2,"name":"Atelier creativ M\u0103r\u021bi\u0219oare Flori"}]},{"@type":"WebSite","@id":"https:\/\/sanidan.ro\/#website","url":"https:\/\/sanidan.ro\/","name":"Sanidan \u2013 Arta de a tr\u0103i \u00een echilibru","description":"","publisher":{"@id":"https:\/\/sanidan.ro\/#\/schema\/person\/04097aae4a3517908d8dd748091af16a"},"potentialAction":[{"@type":"SearchAction","target":{"@type":"EntryPoint","urlTemplate":"https:\/\/sanidan.ro\/?s={search_term_string}"},"query-input":{"@type":"PropertyValueSpecification","valueRequired":true,"valueName":"search_term_string"}}],"inLanguage":"ro-RO"},{"@type":["Person","Organization"],"@id":"https:\/\/sanidan.ro\/#\/schema\/person\/04097aae4a3517908d8dd748091af16a","name":"admin","image":{"@type":"ImageObject","inLanguage":"ro-RO","@id":"https:\/\/sanidan.ro\/wp-content\/uploads\/2025\/11\/Way-of-Healing.png","url":"https:\/\/sanidan.ro\/wp-content\/uploads\/2025\/11\/Way-of-Healing.png","contentUrl":"https:\/\/sanidan.ro\/wp-content\/uploads\/2025\/11\/Way-of-Healing.png","width":1024,"height":1024,"caption":"admin"},"logo":{"@id":"https:\/\/sanidan.ro\/wp-content\/uploads\/2025\/11\/Way-of-Healing.png"},"sameAs":["https:\/\/sanidan.ro"]}]}},"_links":{"self":[{"href":"https:\/\/sanidan.ro\/index.php?rest_route=\/wp\/v2\/pages\/1772","targetHints":{"allow":["GET"]}}],"collection":[{"href":"https:\/\/sanidan.ro\/index.php?rest_route=\/wp\/v2\/pages"}],"about":[{"href":"https:\/\/sanidan.ro\/index.php?rest_route=\/wp\/v2\/types\/page"}],"author":[{"embeddable":true,"href":"https:\/\/sanidan.ro\/index.php?rest_route=\/wp\/v2\/users\/1"}],"replies":[{"embeddable":true,"href":"https:\/\/sanidan.ro\/index.php?rest_route=%2Fwp%2Fv2%2Fcomments&post=1772"}],"version-history":[{"count":34,"href":"https:\/\/sanidan.ro\/index.php?rest_route=\/wp\/v2\/pages\/1772\/revisions"}],"predecessor-version":[{"id":1812,"href":"https:\/\/sanidan.ro\/index.php?rest_route=\/wp\/v2\/pages\/1772\/revisions\/1812"}],"wp:featuredmedia":[{"embeddable":true,"href":"https:\/\/sanidan.ro\/index.php?rest_route=\/wp\/v2\/media\/1773"}],"wp:attachment":[{"href":"https:\/\/sanidan.ro\/index.php?rest_route=%2Fwp%2Fv2%2Fmedia&parent=1772"}],"curies":[{"name":"wp","href":"https:\/\/api.w.org\/{rel}","templated":true}]}}