{"id":1679,"date":"2026-01-31T21:40:40","date_gmt":"2026-01-31T21:40:40","guid":{"rendered":"https:\/\/sanidan.ro\/?page_id=1679"},"modified":"2026-01-31T22:16:21","modified_gmt":"2026-01-31T22:16:21","slug":"tai-chi-qigong-bacau-1-an-de-practica-impreuna","status":"publish","type":"page","link":"https:\/\/sanidan.ro\/?page_id=1679","title":{"rendered":"Tai Chi &amp; Qigong Bac\u0103u: 1 an de practic\u0103 \u00eempreun\u0103"},"content":{"rendered":"\t\t<div data-elementor-type=\"wp-page\" data-elementor-id=\"1679\" class=\"elementor elementor-1679\" data-elementor-post-type=\"page\">\n\t\t\t\t<div class=\"elementor-element elementor-element-43d559b e-flex e-con-boxed e-con e-parent\" data-id=\"43d559b\" data-element_type=\"container\" data-e-type=\"container\" data-settings=\"{&quot;background_background&quot;:&quot;classic&quot;}\">\n\t\t\t\t\t<div class=\"e-con-inner\">\n\t\t\t\t<div class=\"elementor-element elementor-element-a49c73b elementor-widget elementor-widget-heading\" data-id=\"a49c73b\" data-element_type=\"widget\" data-e-type=\"widget\" data-widget_type=\"heading.default\">\n\t\t\t\t\t<h2 class=\"elementor-heading-title elementor-size-default\">Tai Chi &amp; Qigong Bac\u0103u: 1 an de practic\u0103 \u00eempreun\u0103<\/h2>\t\t\t\t<\/div>\n\t\t\t\t\t<\/div>\n\t\t\t\t<\/div>\n\t\t<div class=\"elementor-element elementor-element-be33a11 e-flex e-con-boxed e-con e-parent\" data-id=\"be33a11\" data-element_type=\"container\" data-e-type=\"container\">\n\t\t\t\t\t<div class=\"e-con-inner\">\n\t\t\t\t<div class=\"elementor-element elementor-element-c2adf39 elementor-widget elementor-widget-text-editor\" data-id=\"c2adf39\" data-element_type=\"widget\" data-e-type=\"widget\" data-widget_type=\"text-editor.default\">\n\t\t\t\t\t\t\t\t\t<p data-start=\"244\" data-end=\"538\">\u00cen comunitatea <strong data-start=\"259\" data-end=\"285\">Tai Chi &amp; Qigong Bac\u0103u<\/strong>, practica nu este doar mi\u0219care, ci un mod de a construi echilibru, prezen\u021b\u0103 \u0219i rela\u021bii autentice. Aniversarea unui an de practic\u0103 \u00eempreun\u0103 a fost un moment special, dedicat oamenilor care au ales constan\u021ba, respira\u021bia con\u0219tient\u0103 \u0219i evolu\u021bia pas cu pas.<\/p><p data-start=\"540\" data-end=\"674\">Acest eveniment Sanidan marcheaz\u0103 un an de \u00eent\u00e2lniri regulate, exerci\u021bii de Tai Chi \u0219i Qigong, dar mai ales un an de cre\u0219tere ca grup.<\/p><hr data-start=\"676\" data-end=\"679\" \/><h3 data-start=\"681\" data-end=\"706\">Despre eveniment<\/h3><p data-start=\"707\" data-end=\"1033\">Evenimentul <strong data-start=\"719\" data-end=\"775\">\u201e1 an de practic\u0103 \u00eempreun\u0103 \u2013 Tai Chi &amp; Qigong Bac\u0103u\u201d<\/strong> din 31 ianuarie 2026, a fost organizat pentru a celebra comunitatea format\u0103 \u00een jurul practicii con\u0219tiente. Cu aceast\u0103 ocazie, membrii grupului s-au reunit \u00eentr-un cadru relaxat, au \u00eemp\u0103rt\u0103\u0219it momente frumoase \u0219i au primit diplome de recuno\u0219tin\u021b\u0103 pentru implicare \u0219i continuitate.<\/p><p data-start=\"1035\" data-end=\"1058\">A fost un timp dedicat:<\/p><ul data-start=\"1059\" data-end=\"1157\"><li data-start=\"1059\" data-end=\"1080\"><p data-start=\"1061\" data-end=\"1080\">reconect\u0103rii umane,<\/p><\/li><li data-start=\"1081\" data-end=\"1116\"><p data-start=\"1083\" data-end=\"1116\">recunoa\u0219terii efortului constant,<\/p><\/li><li data-start=\"1117\" data-end=\"1157\"><p data-start=\"1119\" data-end=\"1157\">consolid\u0103rii spiritului de comunitate.<\/p><\/li><\/ul><hr data-start=\"1159\" data-end=\"1162\" \/><h3 data-start=\"1164\" data-end=\"1219\">Ce \u00eenseamn\u0103 Tai Chi &amp; Qigong \u00een cadrul Sanidan<\/h3><p data-start=\"1220\" data-end=\"1290\">\u00cen cadrul <strong data-start=\"1230\" data-end=\"1241\">Sanidan<\/strong>, Tai Chi \u0219i Qigong sunt practici orientate spre:<\/p><ul data-start=\"1291\" data-end=\"1465\"><li data-start=\"1291\" data-end=\"1326\"><p data-start=\"1293\" data-end=\"1326\">reglarea posturii \u0219i respira\u021biei,<\/p><\/li><li data-start=\"1327\" data-end=\"1356\"><p data-start=\"1329\" data-end=\"1356\">calmarea sistemului nervos,<\/p><\/li><li data-start=\"1357\" data-end=\"1414\"><p data-start=\"1359\" data-end=\"1414\">\u00eembun\u0103t\u0103\u021birea mobilit\u0103\u021bii \u0219i a st\u0103rii generale de bine,<\/p><\/li><li data-start=\"1415\" data-end=\"1465\"><p data-start=\"1417\" data-end=\"1465\">cultivarea prezen\u021bei \u0219i a echilibrului interior.<\/p><\/li><\/ul><p data-start=\"1467\" data-end=\"1595\">Practica este adaptat\u0103 tuturor nivelurilor, iar accentul este pus pe ritm personal, siguran\u021b\u0103 \u0219i integrare \u00een via\u021ba de zi cu zi.<\/p><hr data-start=\"1597\" data-end=\"1600\" \/><h3 data-start=\"1602\" data-end=\"1642\">O comunitate construit\u0103 \u00een timp<\/h3><p data-start=\"1643\" data-end=\"1843\">Un an de Tai Chi &amp; Qigong Bac\u0103u \u00eenseamn\u0103 mai mult dec\u00e2t un curs. \u00censeamn\u0103 oameni care au ales s\u0103 revin\u0103 s\u0103pt\u0103m\u00e2n\u0103 de s\u0103pt\u0103m\u00e2n\u0103, s\u0103 \u00ee\u0219i asculte corpul \u0219i s\u0103 \u00ee\u0219i ofere timp pentru s\u0103n\u0103tate \u0219i echilibru.<\/p><p data-start=\"1845\" data-end=\"2008\">Aceast\u0103 aniversare marcheaz\u0103 \u00eenceputul unei etape noi, cu mai mult\u0103 claritate, continuitate \u0219i deschidere c\u0103tre cei care doresc s\u0103 descopere beneficiile practicii.<\/p><hr data-start=\"2010\" data-end=\"2013\" \/><h3 data-start=\"2015\" data-end=\"2042\">Mergem mai departe<\/h3><p data-start=\"2043\" data-end=\"2077\">Sanidan va continua s\u0103 organizeze:<\/p><ul data-start=\"2078\" data-end=\"2224\"><li data-start=\"2078\" data-end=\"2127\"><p data-start=\"2080\" data-end=\"2127\">cursuri de Tai Chi \u0219i Qigong pentru \u00eencep\u0103tori,<\/p><\/li><li data-start=\"2128\" data-end=\"2155\"><p data-start=\"2130\" data-end=\"2155\">evenimente de comunitate,<\/p><\/li><li data-start=\"2156\" data-end=\"2224\"><p data-start=\"2158\" data-end=\"2224\">\u00eent\u00e2lniri dedicate mi\u0219c\u0103rii con\u0219tiente \u0219i echilibrului corp\u2013minte.<\/p><\/li><\/ul><p data-start=\"2226\" data-end=\"2312\">Dac\u0103 sim\u021bi c\u0103 \u00ee\u021bi dore\u0219ti o practic\u0103 bl\u00e2nd\u0103, dar profund\u0103, te a\u0219tept\u0103m al\u0103turi de noi.<\/p>\t\t\t\t\t\t\t\t<\/div>\n\t\t\t\t\t<\/div>\n\t\t\t\t<\/div>\n\t\t<div class=\"elementor-element elementor-element-346532f e-flex e-con-boxed e-con e-parent\" data-id=\"346532f\" data-element_type=\"container\" data-e-type=\"container\">\n\t\t\t\t\t<div class=\"e-con-inner\">\n\t\t\t\t<div class=\"elementor-element elementor-element-6adffd1 elementor-widget elementor-widget-image\" data-id=\"6adffd1\" data-element_type=\"widget\" data-e-type=\"widget\" data-widget_type=\"image.default\">\n\t\t\t\t\t\t\t\t\t\t\t\t\t\t\t<img fetchpriority=\"high\" decoding=\"async\" width=\"768\" height=\"545\" src=\"https:\/\/sanidan.ro\/wp-content\/uploads\/2026\/01\/Curs-Tai-Chi-colaj-1-an-de-practica-768x545.png\" class=\"attachment-medium_large size-medium_large wp-image-1680\" alt=\"\" srcset=\"https:\/\/sanidan.ro\/wp-content\/uploads\/2026\/01\/Curs-Tai-Chi-colaj-1-an-de-practica-768x545.png 768w, https:\/\/sanidan.ro\/wp-content\/uploads\/2026\/01\/Curs-Tai-Chi-colaj-1-an-de-practica-300x213.png 300w, https:\/\/sanidan.ro\/wp-content\/uploads\/2026\/01\/Curs-Tai-Chi-colaj-1-an-de-practica-1024x726.png 1024w, https:\/\/sanidan.ro\/wp-content\/uploads\/2026\/01\/Curs-Tai-Chi-colaj-1-an-de-practica-1536x1090.png 1536w, https:\/\/sanidan.ro\/wp-content\/uploads\/2026\/01\/Curs-Tai-Chi-colaj-1-an-de-practica-600x426.png 600w, https:\/\/sanidan.ro\/wp-content\/uploads\/2026\/01\/Curs-Tai-Chi-colaj-1-an-de-practica.png 1748w\" sizes=\"(max-width: 768px) 100vw, 768px\" \/>\t\t\t\t\t\t\t\t\t\t\t\t\t\t\t<\/div>\n\t\t\t\t\t<\/div>\n\t\t\t\t<\/div>\n\t\t<div class=\"elementor-element elementor-element-f5b90ab e-flex e-con-boxed e-con e-parent\" data-id=\"f5b90ab\" data-element_type=\"container\" data-e-type=\"container\">\n\t\t\t\t\t<div class=\"e-con-inner\">\n\t\t<div class=\"elementor-element elementor-element-3d6f07e e-con-full e-flex e-con e-child\" data-id=\"3d6f07e\" data-element_type=\"container\" data-e-type=\"container\" data-settings=\"{&quot;background_background&quot;:&quot;classic&quot;}\">\n\t\t\t\t<div class=\"elementor-element elementor-element-250954f elementor-widget elementor-widget-text-editor\" data-id=\"250954f\" data-element_type=\"widget\" data-e-type=\"widget\" data-widget_type=\"text-editor.default\">\n\t\t\t\t\t\t\t\t\t<p>Dac\u0103 sim\u021bi c\u0103 aceast\u0103 practic\u0103 rezoneaz\u0103 cu tine \u0219i vrei s\u0103 faci parte din comunitatea Tai Chi &amp; Qigong Bac\u0103u, te invit s\u0103 descoperi cursurile active Sanidan.<\/p>\t\t\t\t\t\t\t\t<\/div>\n\t\t\t\t<div class=\"elementor-element elementor-element-f9d0d42 elementor-align-center elementor-widget elementor-widget-button\" data-id=\"f9d0d42\" data-element_type=\"widget\" data-e-type=\"widget\" data-widget_type=\"button.default\">\n\t\t\t\t\t\t\t\t\t\t<a class=\"elementor-button elementor-button-link elementor-size-sm\" href=\"https:\/\/sanidan.ro\/?page_id=989\">\n\t\t\t\t\t\t<span class=\"elementor-button-content-wrapper\">\n\t\t\t\t\t\t\t\t\t<span class=\"elementor-button-text\">Descoper\u0103 cursurile Sanidan<\/span>\n\t\t\t\t\t<\/span>\n\t\t\t\t\t<\/a>\n\t\t\t\t\t\t\t\t<\/div>\n\t\t\t\t<\/div>\n\t\t\t\t\t<\/div>\n\t\t\t\t<\/div>\n\t\t\t\t<\/div>\n\t\t","protected":false},"excerpt":{"rendered":"<p>Tai Chi &amp; Qigong Bac\u0103u: 1 an de practic\u0103 \u00eempreun\u0103 \u00cen comunitatea Tai Chi &amp; Qigong Bac\u0103u, practica nu este doar mi\u0219care, ci un mod de a construi echilibru, prezen\u021b\u0103 \u0219i rela\u021bii autentice. Aniversarea unui an de practic\u0103 \u00eempreun\u0103 a fost un moment special, dedicat oamenilor care au ales constan\u021ba, respira\u021bia con\u0219tient\u0103 \u0219i evolu\u021bia pas&#8230;<\/p>\n","protected":false},"author":1,"featured_media":1680,"parent":0,"menu_order":0,"comment_status":"closed","ping_status":"closed","template":"","meta":{"_kad_post_transparent":"","_kad_post_title":"hide","_kad_post_layout":"fullwidth","_kad_post_sidebar_id":"","_kad_post_content_style":"unboxed","_kad_post_vertical_padding":"hide","_kad_post_feature":"hide","_kad_post_feature_position":"","_kad_post_header":false,"_kad_post_footer":false,"_kad_post_classname":"","footnotes":""},"class_list":["post-1679","page","type-page","status-publish","has-post-thumbnail","hentry"],"yoast_head":"<!-- This site is optimized with the Yoast SEO plugin v27.4 - https:\/\/yoast.com\/product\/yoast-seo-wordpress\/ -->\n<title>Tai Chi &amp; Qigong Bac\u0103u: 1 an de practic\u0103 \u00eempreun\u0103 - Sanidan \u2013 Arta de a tr\u0103i \u00een echilibru<\/title>\n<meta name=\"description\" content=\"Tai Chi &amp; Qigong Bac\u0103u: 1 an de practic\u0103 \u00eempreun\u0103 \u00een comunitatea Sanidan. Un eveniment dedicat mi\u0219c\u0103rii con\u0219tiente \u0219i echilibrului.\" \/>\n<meta name=\"robots\" content=\"index, follow, max-snippet:-1, max-image-preview:large, max-video-preview:-1\" \/>\n<link rel=\"canonical\" href=\"https:\/\/sanidan.ro\/?page_id=1679\" \/>\n<meta property=\"og:locale\" content=\"ro_RO\" \/>\n<meta property=\"og:type\" content=\"article\" \/>\n<meta property=\"og:title\" content=\"Tai Chi &amp; Qigong Bac\u0103u: 1 an de practic\u0103 \u00eempreun\u0103 - Sanidan \u2013 Arta de a tr\u0103i \u00een echilibru\" \/>\n<meta property=\"og:description\" content=\"Tai Chi &amp; Qigong Bac\u0103u: 1 an de practic\u0103 \u00eempreun\u0103 \u00een comunitatea Sanidan. Un eveniment dedicat mi\u0219c\u0103rii con\u0219tiente \u0219i echilibrului.\" \/>\n<meta property=\"og:url\" content=\"https:\/\/sanidan.ro\/?page_id=1679\" \/>\n<meta property=\"og:site_name\" content=\"Sanidan \u2013 Arta de a tr\u0103i \u00een echilibru\" \/>\n<meta property=\"article:modified_time\" content=\"2026-01-31T22:16:21+00:00\" \/>\n<meta property=\"og:image\" content=\"https:\/\/sanidan.ro\/wp-content\/uploads\/2026\/01\/Curs-Tai-Chi-colaj-1-an-de-practica.png\" \/>\n\t<meta property=\"og:image:width\" content=\"1748\" \/>\n\t<meta property=\"og:image:height\" content=\"1240\" \/>\n\t<meta property=\"og:image:type\" content=\"image\/png\" \/>\n<meta name=\"twitter:card\" content=\"summary_large_image\" \/>\n<meta name=\"twitter:label1\" content=\"Timp estimat pentru citire\" \/>\n\t<meta name=\"twitter:data1\" content=\"3 minute\" \/>\n<script type=\"application\/ld+json\" class=\"yoast-schema-graph\">{\"@context\":\"https:\\\/\\\/schema.org\",\"@graph\":[{\"@type\":\"WebPage\",\"@id\":\"https:\\\/\\\/sanidan.ro\\\/?page_id=1679\",\"url\":\"https:\\\/\\\/sanidan.ro\\\/?page_id=1679\",\"name\":\"Tai Chi &amp; Qigong Bac\u0103u: 1 an de practic\u0103 \u00eempreun\u0103 - Sanidan \u2013 Arta de a tr\u0103i \u00een echilibru\",\"isPartOf\":{\"@id\":\"https:\\\/\\\/sanidan.ro\\\/#website\"},\"primaryImageOfPage\":{\"@id\":\"https:\\\/\\\/sanidan.ro\\\/?page_id=1679#primaryimage\"},\"image\":{\"@id\":\"https:\\\/\\\/sanidan.ro\\\/?page_id=1679#primaryimage\"},\"thumbnailUrl\":\"https:\\\/\\\/sanidan.ro\\\/wp-content\\\/uploads\\\/2026\\\/01\\\/Curs-Tai-Chi-colaj-1-an-de-practica.png\",\"datePublished\":\"2026-01-31T21:40:40+00:00\",\"dateModified\":\"2026-01-31T22:16:21+00:00\",\"description\":\"Tai Chi & Qigong Bac\u0103u: 1 an de practic\u0103 \u00eempreun\u0103 \u00een comunitatea Sanidan. Un eveniment dedicat mi\u0219c\u0103rii con\u0219tiente \u0219i echilibrului.\",\"breadcrumb\":{\"@id\":\"https:\\\/\\\/sanidan.ro\\\/?page_id=1679#breadcrumb\"},\"inLanguage\":\"ro-RO\",\"potentialAction\":[{\"@type\":\"ReadAction\",\"target\":[\"https:\\\/\\\/sanidan.ro\\\/?page_id=1679\"]}]},{\"@type\":\"ImageObject\",\"inLanguage\":\"ro-RO\",\"@id\":\"https:\\\/\\\/sanidan.ro\\\/?page_id=1679#primaryimage\",\"url\":\"https:\\\/\\\/sanidan.ro\\\/wp-content\\\/uploads\\\/2026\\\/01\\\/Curs-Tai-Chi-colaj-1-an-de-practica.png\",\"contentUrl\":\"https:\\\/\\\/sanidan.ro\\\/wp-content\\\/uploads\\\/2026\\\/01\\\/Curs-Tai-Chi-colaj-1-an-de-practica.png\",\"width\":1748,\"height\":1240},{\"@type\":\"BreadcrumbList\",\"@id\":\"https:\\\/\\\/sanidan.ro\\\/?page_id=1679#breadcrumb\",\"itemListElement\":[{\"@type\":\"ListItem\",\"position\":1,\"name\":\"Prima pagin\u0103\",\"item\":\"https:\\\/\\\/sanidan.ro\\\/\"},{\"@type\":\"ListItem\",\"position\":2,\"name\":\"Tai Chi &amp; Qigong Bac\u0103u: 1 an de practic\u0103 \u00eempreun\u0103\"}]},{\"@type\":\"WebSite\",\"@id\":\"https:\\\/\\\/sanidan.ro\\\/#website\",\"url\":\"https:\\\/\\\/sanidan.ro\\\/\",\"name\":\"Sanidan \u2013 Arta de a tr\u0103i \u00een echilibru\",\"description\":\"\",\"publisher\":{\"@id\":\"https:\\\/\\\/sanidan.ro\\\/#\\\/schema\\\/person\\\/04097aae4a3517908d8dd748091af16a\"},\"potentialAction\":[{\"@type\":\"SearchAction\",\"target\":{\"@type\":\"EntryPoint\",\"urlTemplate\":\"https:\\\/\\\/sanidan.ro\\\/?s={search_term_string}\"},\"query-input\":{\"@type\":\"PropertyValueSpecification\",\"valueRequired\":true,\"valueName\":\"search_term_string\"}}],\"inLanguage\":\"ro-RO\"},{\"@type\":[\"Person\",\"Organization\"],\"@id\":\"https:\\\/\\\/sanidan.ro\\\/#\\\/schema\\\/person\\\/04097aae4a3517908d8dd748091af16a\",\"name\":\"admin\",\"image\":{\"@type\":\"ImageObject\",\"inLanguage\":\"ro-RO\",\"@id\":\"https:\\\/\\\/sanidan.ro\\\/wp-content\\\/uploads\\\/2025\\\/11\\\/Way-of-Healing.png\",\"url\":\"https:\\\/\\\/sanidan.ro\\\/wp-content\\\/uploads\\\/2025\\\/11\\\/Way-of-Healing.png\",\"contentUrl\":\"https:\\\/\\\/sanidan.ro\\\/wp-content\\\/uploads\\\/2025\\\/11\\\/Way-of-Healing.png\",\"width\":1024,\"height\":1024,\"caption\":\"admin\"},\"logo\":{\"@id\":\"https:\\\/\\\/sanidan.ro\\\/wp-content\\\/uploads\\\/2025\\\/11\\\/Way-of-Healing.png\"},\"sameAs\":[\"https:\\\/\\\/sanidan.ro\"]}]}<\/script>\n<!-- \/ Yoast SEO plugin. -->","yoast_head_json":{"title":"Tai Chi &amp; Qigong Bac\u0103u: 1 an de practic\u0103 \u00eempreun\u0103 - Sanidan \u2013 Arta de a tr\u0103i \u00een echilibru","description":"Tai Chi & Qigong Bac\u0103u: 1 an de practic\u0103 \u00eempreun\u0103 \u00een comunitatea Sanidan. Un eveniment dedicat mi\u0219c\u0103rii con\u0219tiente \u0219i echilibrului.","robots":{"index":"index","follow":"follow","max-snippet":"max-snippet:-1","max-image-preview":"max-image-preview:large","max-video-preview":"max-video-preview:-1"},"canonical":"https:\/\/sanidan.ro\/?page_id=1679","og_locale":"ro_RO","og_type":"article","og_title":"Tai Chi &amp; Qigong Bac\u0103u: 1 an de practic\u0103 \u00eempreun\u0103 - Sanidan \u2013 Arta de a tr\u0103i \u00een echilibru","og_description":"Tai Chi & Qigong Bac\u0103u: 1 an de practic\u0103 \u00eempreun\u0103 \u00een comunitatea Sanidan. Un eveniment dedicat mi\u0219c\u0103rii con\u0219tiente \u0219i echilibrului.","og_url":"https:\/\/sanidan.ro\/?page_id=1679","og_site_name":"Sanidan \u2013 Arta de a tr\u0103i \u00een echilibru","article_modified_time":"2026-01-31T22:16:21+00:00","og_image":[{"width":1748,"height":1240,"url":"https:\/\/sanidan.ro\/wp-content\/uploads\/2026\/01\/Curs-Tai-Chi-colaj-1-an-de-practica.png","type":"image\/png"}],"twitter_card":"summary_large_image","twitter_misc":{"Timp estimat pentru citire":"3 minute"},"schema":{"@context":"https:\/\/schema.org","@graph":[{"@type":"WebPage","@id":"https:\/\/sanidan.ro\/?page_id=1679","url":"https:\/\/sanidan.ro\/?page_id=1679","name":"Tai Chi &amp; Qigong Bac\u0103u: 1 an de practic\u0103 \u00eempreun\u0103 - Sanidan \u2013 Arta de a tr\u0103i \u00een echilibru","isPartOf":{"@id":"https:\/\/sanidan.ro\/#website"},"primaryImageOfPage":{"@id":"https:\/\/sanidan.ro\/?page_id=1679#primaryimage"},"image":{"@id":"https:\/\/sanidan.ro\/?page_id=1679#primaryimage"},"thumbnailUrl":"https:\/\/sanidan.ro\/wp-content\/uploads\/2026\/01\/Curs-Tai-Chi-colaj-1-an-de-practica.png","datePublished":"2026-01-31T21:40:40+00:00","dateModified":"2026-01-31T22:16:21+00:00","description":"Tai Chi & Qigong Bac\u0103u: 1 an de practic\u0103 \u00eempreun\u0103 \u00een comunitatea Sanidan. Un eveniment dedicat mi\u0219c\u0103rii con\u0219tiente \u0219i echilibrului.","breadcrumb":{"@id":"https:\/\/sanidan.ro\/?page_id=1679#breadcrumb"},"inLanguage":"ro-RO","potentialAction":[{"@type":"ReadAction","target":["https:\/\/sanidan.ro\/?page_id=1679"]}]},{"@type":"ImageObject","inLanguage":"ro-RO","@id":"https:\/\/sanidan.ro\/?page_id=1679#primaryimage","url":"https:\/\/sanidan.ro\/wp-content\/uploads\/2026\/01\/Curs-Tai-Chi-colaj-1-an-de-practica.png","contentUrl":"https:\/\/sanidan.ro\/wp-content\/uploads\/2026\/01\/Curs-Tai-Chi-colaj-1-an-de-practica.png","width":1748,"height":1240},{"@type":"BreadcrumbList","@id":"https:\/\/sanidan.ro\/?page_id=1679#breadcrumb","itemListElement":[{"@type":"ListItem","position":1,"name":"Prima pagin\u0103","item":"https:\/\/sanidan.ro\/"},{"@type":"ListItem","position":2,"name":"Tai Chi &amp; Qigong Bac\u0103u: 1 an de practic\u0103 \u00eempreun\u0103"}]},{"@type":"WebSite","@id":"https:\/\/sanidan.ro\/#website","url":"https:\/\/sanidan.ro\/","name":"Sanidan \u2013 Arta de a tr\u0103i \u00een echilibru","description":"","publisher":{"@id":"https:\/\/sanidan.ro\/#\/schema\/person\/04097aae4a3517908d8dd748091af16a"},"potentialAction":[{"@type":"SearchAction","target":{"@type":"EntryPoint","urlTemplate":"https:\/\/sanidan.ro\/?s={search_term_string}"},"query-input":{"@type":"PropertyValueSpecification","valueRequired":true,"valueName":"search_term_string"}}],"inLanguage":"ro-RO"},{"@type":["Person","Organization"],"@id":"https:\/\/sanidan.ro\/#\/schema\/person\/04097aae4a3517908d8dd748091af16a","name":"admin","image":{"@type":"ImageObject","inLanguage":"ro-RO","@id":"https:\/\/sanidan.ro\/wp-content\/uploads\/2025\/11\/Way-of-Healing.png","url":"https:\/\/sanidan.ro\/wp-content\/uploads\/2025\/11\/Way-of-Healing.png","contentUrl":"https:\/\/sanidan.ro\/wp-content\/uploads\/2025\/11\/Way-of-Healing.png","width":1024,"height":1024,"caption":"admin"},"logo":{"@id":"https:\/\/sanidan.ro\/wp-content\/uploads\/2025\/11\/Way-of-Healing.png"},"sameAs":["https:\/\/sanidan.ro"]}]}},"_links":{"self":[{"href":"https:\/\/sanidan.ro\/index.php?rest_route=\/wp\/v2\/pages\/1679","targetHints":{"allow":["GET"]}}],"collection":[{"href":"https:\/\/sanidan.ro\/index.php?rest_route=\/wp\/v2\/pages"}],"about":[{"href":"https:\/\/sanidan.ro\/index.php?rest_route=\/wp\/v2\/types\/page"}],"author":[{"embeddable":true,"href":"https:\/\/sanidan.ro\/index.php?rest_route=\/wp\/v2\/users\/1"}],"replies":[{"embeddable":true,"href":"https:\/\/sanidan.ro\/index.php?rest_route=%2Fwp%2Fv2%2Fcomments&post=1679"}],"version-history":[{"count":13,"href":"https:\/\/sanidan.ro\/index.php?rest_route=\/wp\/v2\/pages\/1679\/revisions"}],"predecessor-version":[{"id":1700,"href":"https:\/\/sanidan.ro\/index.php?rest_route=\/wp\/v2\/pages\/1679\/revisions\/1700"}],"wp:featuredmedia":[{"embeddable":true,"href":"https:\/\/sanidan.ro\/index.php?rest_route=\/wp\/v2\/media\/1680"}],"wp:attachment":[{"href":"https:\/\/sanidan.ro\/index.php?rest_route=%2Fwp%2Fv2%2Fmedia&parent=1679"}],"curies":[{"name":"wp","href":"https:\/\/api.w.org\/{rel}","templated":true}]}}